{"id":801,"date":"2021-06-02T07:32:12","date_gmt":"2021-06-02T07:32:12","guid":{"rendered":"https:\/\/zerovarroa.com\/index.php\/politica-de-cookies\/"},"modified":"2021-06-02T07:32:18","modified_gmt":"2021-06-02T07:32:18","slug":"politica-de-cookies","status":"publish","type":"page","link":"https:\/\/zerovarroa.com\/en\/politica-de-cookies\/","title":{"rendered":"Pol\u00edtica de Cookies"},"content":{"rendered":"<p>[et_pb_section fb_built=&#8221;1&#8243; admin_label=&#8221;Page Title Section&#8221; _builder_version=&#8221;4.9.4&#8243; use_background_color_gradient=&#8221;on&#8221; background_color_gradient_start=&#8221;#000000&#8243; background_color_gradient_end=&#8221;rgba(0,0,0,0)&#8221; background_color_gradient_direction=&#8221;120deg&#8221; background_color_gradient_overlays_image=&#8221;on&#8221; background_image=&#8221;https:\/\/zerovarroa.com\/wp-content\/uploads\/2021\/04\/31903291_m.jpg&#8221; custom_padding=&#8221;110px||110px|&#8221;][et_pb_row column_structure=&#8221;2_3,1_3&#8243; admin_label=&#8221;Page Title Area&#8221; _builder_version=&#8221;3.25&#8243; background_size=&#8221;initial&#8221; background_position=&#8221;top_left&#8221; background_repeat=&#8221;repeat&#8221;][et_pb_column type=&#8221;2_3&#8243; _builder_version=&#8221;3.25&#8243; custom_padding=&#8221;|||&#8221; custom_padding__hover=&#8221;|||&#8221;][et_pb_text admin_label=&#8221;Title&#8221; _builder_version=&#8221;4.9.4&#8243; text_font=&#8221;||||||||&#8221; header_font=&#8221;Poppins|600|||||||&#8221; header_font_size=&#8221;60px&#8221; header_line_height=&#8221;1.2em&#8221; header_2_font=&#8221;||||||||&#8221; background_layout=&#8221;dark&#8221; custom_margin=&#8221;||20px|&#8221; custom_padding=&#8221;|||&#8221; animation_style=&#8221;fade&#8221; header_font_size_tablet=&#8221;&#8221; header_font_size_phone=&#8221;40px&#8221; header_font_size_last_edited=&#8221;on|desktop&#8221; header_2_font_size_last_edited=&#8221;off|desktop&#8221;]<\/p>\n<h3>Pol\u00edtica de cookies<\/h3>\n<p>[\/et_pb_text][\/et_pb_column][et_pb_column type=&#8221;1_3&#8243; _builder_version=&#8221;3.25&#8243; custom_padding=&#8221;|||&#8221; custom_padding__hover=&#8221;|||&#8221;][\/et_pb_column][\/et_pb_row][\/et_pb_section][et_pb_section fb_built=&#8221;1&#8243; admin_label=&#8221;Class Details Section&#8221; _builder_version=&#8221;4.9.4&#8243; background_color=&#8221;#efe9e4&#8243; custom_padding=&#8221;90px||90px|&#8221;][et_pb_row _builder_version=&#8221;4.9.4&#8243; _module_preset=&#8221;default&#8221;][et_pb_column type=&#8221;4_4&#8243; _builder_version=&#8221;4.9.4&#8243; _module_preset=&#8221;default&#8221;][et_pb_text _builder_version=&#8221;4.9.4&#8243; _module_preset=&#8221;default&#8221;]<\/p>\n<section id=\"content\">\n<div id=\"post-63\" class=\"post-63 page type-page status-publish hentry\">\n<div class=\"post-content\">\n<div class=\"fusion-fullwidth fullwidth-box fusion-builder-row-1 nonhundred-percent-fullwidth non-hundred-percent-height-scrolling\">\n<div class=\"fusion-builder-row fusion-row \">\n<div class=\"fusion-layout-column fusion_builder_column fusion_builder_column_1_1 fusion-builder-column-0 fusion-one-full fusion-column-first fusion-column-last 1_1\">\n<div class=\"fusion-column-wrapper\" data-bg-url=\"\">\n<div class=\"fusion-text\">\n<p><strong>Definici\u00f3n y funci\u00f3n de las cookies.<\/strong><\/p>\n<p>Una cookie es un fichero que se descarga en el ordenador, tablet o smartphone del usuario cuando accede a una p\u00e1gina web. Las cookies permiten a una web, almacenar y recuperar informaci\u00f3n sobre los h\u00e1bitos de navegaci\u00f3n de un usuario concreto o de su equipo, que pueden utilizarse para reconocer al usuario en el futuro o su actividad actual.<\/p>\n<p>La \u201ccookie\u201d nunca ir\u00e1 asociada a ning\u00fan dato de car\u00e1cter personal, s\u00f3lo se utilizan a modo estad\u00edstico para que ayuden a la optimizaci\u00f3n de usabilidad del sitio.<\/p>\n<p><strong> Utilizaci\u00f3n de cookies<\/strong><\/p>\n<p>Las p\u00e1ginas de la web de ZEROVARROA utilizan \u201ccookies\u201d, y otros mecanismos an\u00e1logos (en adelante, tambi\u00e9n cookies) para personalizar y facilitar la navegaci\u00f3n del usuario. Las cookies se asocian a un usuario y a un dispositivo que se conservar\u00e1n an\u00f3nimos y no proporcionan referencias que permitan deducir datos personales del mismo. El usuario puede configurar su navegador habitual para que avise y rechace la instalaci\u00f3n de cookies de las webs que visite. De esta forma el usuario puede acceder a los contenidos de las webs, pero puede afectar a la calidad de funcionamiento de la misma. Los usuarios registrados actualmente, que se registren o que hayan iniciado sesi\u00f3n, podr\u00e1n tener acceso a servicios m\u00e1s personalizados orientados a su perfil, por la uni\u00f3n de los datos almacenados en las cookies y los datos personales de su registro. Los usuarios autorizan expresamente el uso de esta informaci\u00f3n con la finalidad indicada, pero con el derecho a rechazarlo en cualquier momento. ZEROVARROA utiliza las siguientes cookies:<\/p>\n<ul>\n<li><strong>Cookies de sesi\u00f3n:<\/strong> cookies temporales que est\u00e1n en archivo de cookies del navegador hasta que abandone la p\u00e1gina web, por lo que ninguna permanece en el dispositivo del usuario. La informaci\u00f3n recogida por estas cookies es para analizar los patrones de tr\u00e1fico en la web.<\/li>\n<li><strong>Cookies permanentes:<\/strong> se almacenan en el disco duro del dispositivo y son le\u00eddas cada vez que se realiza una nueva visita. Las cookies permanentes van con fecha de expiraci\u00f3n establecida y se desactivar\u00e1n a partir de dicha fecha. Se utilizan sobre todo para agilizar las compras y registros.<\/li>\n<li><strong>Cookies de rendimiento:<\/strong> recuerdan las preferencias del usuario para las herramientas que se encuentran en los servicios de una web para no volver a configurarlo cada vez que se visite. Incluyen:\n<ul>\n<li>El ajuste de volumen en los reproductores de v\u00eddeo y sonido.<\/li>\n<li>La velocidad de transmisi\u00f3n de v\u00eddeo para que sea compatible con el navegador utilizado.<\/li>\n<li>Los productos elegidos en los \u201ccarritos de la compra\u201d en las ecommerce.<\/li>\n<\/ul>\n<\/li>\n<li><strong>Cookies de geo-localizaci\u00f3n:<\/strong> averiguan en qu\u00e9 pa\u00eds te encuentras al solicitar un servicio. Es una cookie an\u00f3nima que s\u00f3lo ayuda a orientar el contenido a tu ubicaci\u00f3n.<\/li>\n<li><strong>Cookies de anal\u00edtica:<\/strong> se generan cada vez que un usuario visita una web, por una herramienta de un proveedor externo (Google Analytics, Yahoo Web Analytics, Urchin y similares). La cookie se crea en la visita y servir\u00e1 para identificar al usuario de forma an\u00f3nima. Los objetivos principales que se persiguen son:\n<ul>\n<li>Identificaci\u00f3n de los usuarios de forma an\u00f3nima a trav\u00e9s de la cookie (identifica los navegadores y dispositivos, no a las personas) para la contabilizaci\u00f3n de visitantes y su tendencia en el tiempo.<\/li>\n<li>Identificar de forma an\u00f3nima los contenidos m\u00e1s visitados para los usuarios.<\/li>\n<li>Saber si el usuario es nuevo o est\u00e1 repitiendo visita.<\/li>\n<\/ul>\n<\/li>\n<li><strong>Cookies de registro<\/strong>: se generan cuando un usuario se ha registrado o ha abierto sesi\u00f3n y se utilizan para identificarle. Si el usuario se registra en un servicio con credenciales de una red social, est\u00e1 autorizando a la red social a guardar una cookie que le recuerde y garantice el acceso al servicio hasta que expire. El usuario puede eliminar esta cookie y anular el acceso a los servicios a trav\u00e9s de la red social espec\u00edfica, en sus preferencias. Sus objetivos:\n<ul>\n<li>Mantener al usuario identificado. As\u00ed, si cierra un servicio, el navegador o el ordenador en otro momento u otro d\u00eda, vuelve a entrar en dicho servicio, sin tener identificarse de nuevo. Si el usuario \u201ccierra sesi\u00f3n\u201d la cookie se elimina, y la pr\u00f3xima vez tendr\u00e1 que iniciar sesi\u00f3n.<\/li>\n<li>Comprobar que usuario est\u00e1 autorizado para acceder a ciertos servicios.<\/li>\n<\/ul>\n<\/li>\n<\/ul>\n<p><strong> C\u00f3mo deshabilitar las cookies en los principales navegadores<\/strong><\/p>\n<p>Puedes permitir, bloquear o eliminar las cookies instaladas en tu ordenador mediante la configuraci\u00f3n de las opciones del navegador instalado en tu ordenador.<\/p>\n<ul>\n<li>Para m\u00e1s informaci\u00f3n sobre el navegador Firefox pulse <u>aqu\u00ed.<\/u><\/li>\n<li>Para m\u00e1s informaci\u00f3n sobre el navegador Chrome pulse <u>aqu\u00ed.<\/u><\/li>\n<li>Para m\u00e1s informaci\u00f3n sobre el navegador Explorer pulse <u>aqu\u00ed.<\/u><\/li>\n<li>Para m\u00e1s informaci\u00f3n sobre el navegador Safari desde <u>aqu\u00ed.<\/u><\/li>\n<li>Para m\u00e1s informaci\u00f3n sobre el navegador Opera desde <u>aqu\u00ed.<\/u><\/li>\n<\/ul>\n<p><strong>Actualizaci\u00f3n y cambios en la pol\u00edtica de cookies. <\/strong><\/p>\n<p>ZEROVARROA puede modificar esta Pol\u00edtica de Cookies en funci\u00f3n de exigencias legislativas, reglamentarias o para adaptarlas a las instrucciones de la Agencia Espa\u00f1ola de Protecci\u00f3n de Datos. Por esto, es aconsejable visitarla peri\u00f3dicamente. Si hubiera dudas, comentarios o sugerencias, se puede contactar con nosotros a trav\u00e9s del correo electr\u00f3nico <a href=\"mailto:info@zerovarroa.com\">info@zerovarroa.com<\/a><\/p>\n<p>Para m\u00e1s informaci\u00f3n:<\/p>\n<p><a href=\"http:\/\/www.agpd.es\/portalwebAGPD\/canaldocumentacion\/publicaciones\/common\/Guias\/Guia_Cookies.pdf\">http:\/\/www.agpd.es\/portalwebAGPD\/canaldocumentacion\/publicaciones\/common\/Guias\/Guia_Cookies.pdf<\/a><\/p>\n<\/div>\n<div class=\"fusion-clearfix\"> <\/div>\n<\/div>\n<\/div>\n<\/div>\n<\/div>\n<\/div>\n<\/div>\n<\/section>\n<p>[\/et_pb_text][\/et_pb_column][\/et_pb_row][\/et_pb_section][et_pb_section fb_built=&#8221;1&#8243; admin_label=&#8221;Footer Section&#8221; _builder_version=&#8221;3.22&#8243; background_color=&#8221;#1e1d1c&#8221; custom_padding=&#8221;90px||90px|&#8221; global_module=&#8221;227&#8243; saved_tabs=&#8221;all&#8221;][et_pb_row column_structure=&#8221;1_3,1_3,1_3&#8243; admin_label=&#8221;Footer Area&#8221; _builder_version=&#8221;3.25&#8243;][et_pb_column type=&#8221;1_3&#8243; _builder_version=&#8221;3.25&#8243; custom_padding=&#8221;|||&#8221; custom_padding__hover=&#8221;|||&#8221;][et_pb_text ul_type=&#8221;none&#8221; admin_label=&#8221;Title&#8221; _builder_version=&#8221;4.9.3&#8243; text_font=&#8221;Poppins||||||||&#8221; text_text_color=&#8221;rgba(255,255,255,0.7)&#8221; text_font_size=&#8221;16px&#8221; text_line_height=&#8221;1.8em&#8221; ul_font=&#8221;Poppins||||||||&#8221; ul_text_align=&#8221;center&#8221; header_font=&#8221;||||||||&#8221; header_2_font=&#8221;Poppins||||||||&#8221; header_2_text_align=&#8221;center&#8221; header_2_font_size=&#8221;24px&#8221; header_2_line_height=&#8221;1.4em&#8221; text_orientation=&#8221;center&#8221; background_layout=&#8221;dark&#8221; custom_margin=&#8221;||15px|&#8221; custom_padding=&#8221;|||&#8221; animation_style=&#8221;fade&#8221;]<\/p>\n<h2>Direcci\u00f3n<\/h2>\n<p>c\/ Sabinar, 2 Bajo. CP.24007 Le\u00f3n<\/p>\n<p>[\/et_pb_text][\/et_pb_column][et_pb_column type=&#8221;1_3&#8243; _builder_version=&#8221;3.25&#8243; custom_padding=&#8221;|||&#8221; custom_padding__hover=&#8221;|||&#8221;][et_pb_text ul_type=&#8221;none&#8221; admin_label=&#8221;Title&#8221; _builder_version=&#8221;4.9.3&#8243; text_font=&#8221;Poppins||||||||&#8221; text_text_color=&#8221;rgba(255,255,255,0.7)&#8221; text_font_size=&#8221;16px&#8221; text_line_height=&#8221;1.8em&#8221; ul_font=&#8221;Poppins||||||||&#8221; ul_text_align=&#8221;center&#8221; header_font=&#8221;||||||||&#8221; header_2_font=&#8221;Poppins||||||||&#8221; header_2_text_align=&#8221;center&#8221; header_2_font_size=&#8221;24px&#8221; header_2_line_height=&#8221;1.4em&#8221; text_orientation=&#8221;center&#8221; background_layout=&#8221;dark&#8221; custom_margin=&#8221;||15px|&#8221; custom_padding=&#8221;|||&#8221; animation_style=&#8221;fade&#8221;]<\/p>\n<h2>Tel\u00e9fono<\/h2>\n<p>(+34) 642 61 97 43 [\/et_pb_text][\/et_pb_column][et_pb_column type=&#8221;1_3&#8243; _builder_version=&#8221;3.25&#8243; custom_padding=&#8221;|||&#8221; custom_padding__hover=&#8221;|||&#8221;][et_pb_text ul_type=&#8221;none&#8221; admin_label=&#8221;Title&#8221; _builder_version=&#8221;4.9.3&#8243; text_font=&#8221;Poppins||||||||&#8221; text_text_color=&#8221;rgba(255,255,255,0.7)&#8221; text_font_size=&#8221;16px&#8221; text_line_height=&#8221;1.8em&#8221; ul_font=&#8221;Poppins||||||||&#8221; ul_text_align=&#8221;center&#8221; header_font=&#8221;||||||||&#8221; header_2_font=&#8221;Poppins||||||||&#8221; header_2_text_align=&#8221;center&#8221; header_2_font_size=&#8221;24px&#8221; header_2_line_height=&#8221;1.4em&#8221; text_orientation=&#8221;center&#8221; background_layout=&#8221;dark&#8221; custom_margin=&#8221;||15px|&#8221; custom_padding=&#8221;|||&#8221; animation_style=&#8221;fade&#8221;]<\/p>\n<h2>Email<\/h2>\n<p>info@zerovarroa.com<\/p>\n<p>[\/et_pb_text][\/et_pb_column][\/et_pb_row][et_pb_row disabled_on=&#8221;off|off|off&#8221; admin_label=&#8221;Social Media&#8221; _builder_version=&#8221;3.25&#8243; custom_margin=&#8221;30px|||&#8221;][et_pb_column type=&#8221;4_4&#8243; _builder_version=&#8221;3.25&#8243; custom_padding=&#8221;|||&#8221; custom_padding__hover=&#8221;|||&#8221;][et_pb_social_media_follow _builder_version=&#8221;4.9.4&#8243; text_orientation=&#8221;center&#8221;][et_pb_social_media_follow_network social_network=&#8221;facebook&#8221; url=&#8221;https:\/\/www.facebook.com\/Zero-Varroa-107789488115380\/&#8221; _builder_version=&#8221;4.9.4&#8243; background_color=&#8221;#fdb467&#8243; custom_margin=&#8221;|8px||8px&#8221; custom_padding=&#8221;14px|14px|14px|14px&#8221; border_radii=&#8221;on|100px|100px|100px|100px&#8221; follow_button=&#8221;off&#8221; url_new_window=&#8221;on&#8221;]facebook[\/et_pb_social_media_follow_network][et_pb_social_media_follow_network social_network=&#8221;youtube&#8221; url=&#8221;https:\/\/www.youtube.com\/channel\/UCaQ9MaGZNE3iZBtkE5vpeVw&#8221; _builder_version=&#8221;4.9.4&#8243; background_color=&#8221;#fdb467&#8243; custom_margin=&#8221;|8px||8px&#8221; custom_padding=&#8221;14px|14px|14px|14px&#8221; border_radii=&#8221;on|100px|100px|100px|100px&#8221; follow_button=&#8221;off&#8221; url_new_window=&#8221;on&#8221;]youtube[\/et_pb_social_media_follow_network][\/et_pb_social_media_follow][\/et_pb_column][\/et_pb_row][\/et_pb_section]<\/p>\n","protected":false},"excerpt":{"rendered":"<p>Pol\u00edtica de cookies Definici\u00f3n y funci\u00f3n de las cookies. Una cookie es un fichero que se descarga en el ordenador, tablet o smartphone del usuario cuando accede a una p\u00e1gina web. Las cookies permiten a una web, almacenar y recuperar informaci\u00f3n sobre los h\u00e1bitos de navegaci\u00f3n de un usuario concreto o de su equipo, que [&hellip;]<\/p>\n","protected":false},"author":1,"featured_media":0,"parent":0,"menu_order":0,"comment_status":"closed","ping_status":"closed","template":"","meta":{"_et_pb_use_builder":"on","_et_pb_old_content":"","_et_gb_content_width":"","footnotes":""},"class_list":["post-801","page","type-page","status-publish","hentry"],"yoast_head":"<!-- This site is optimized with the Yoast SEO plugin v26.1.1 - https:\/\/yoast.com\/wordpress\/plugins\/seo\/ -->\n<title>Pol\u00edtica de Cookies - ZeroVarroa<\/title>\n<meta name=\"robots\" content=\"noindex, nofollow\" \/>\n<meta property=\"og:locale\" content=\"en_US\" \/>\n<meta property=\"og:type\" content=\"article\" \/>\n<meta property=\"og:title\" content=\"Pol\u00edtica de Cookies - ZeroVarroa\" \/>\n<meta property=\"og:description\" content=\"Pol\u00edtica de cookies Definici\u00f3n y funci\u00f3n de las cookies. Una cookie es un fichero que se descarga en el ordenador, tablet o smartphone del usuario cuando accede a una p\u00e1gina web. Las cookies permiten a una web, almacenar y recuperar informaci\u00f3n sobre los h\u00e1bitos de navegaci\u00f3n de un usuario concreto o de su equipo, que [&hellip;]\" \/>\n<meta property=\"og:url\" content=\"https:\/\/zerovarroa.com\/en\/politica-de-cookies\/\" \/>\n<meta property=\"og:site_name\" content=\"ZeroVarroa\" \/>\n<meta property=\"article:modified_time\" content=\"2021-06-02T07:32:18+00:00\" \/>\n<meta name=\"twitter:card\" content=\"summary_large_image\" \/>\n<meta name=\"twitter:label1\" content=\"Est. reading time\" \/>\n\t<meta name=\"twitter:data1\" content=\"8 minutes\" \/>\n<script type=\"application\/ld+json\" class=\"yoast-schema-graph\">{\"@context\":\"https:\/\/schema.org\",\"@graph\":[{\"@type\":\"WebPage\",\"@id\":\"https:\/\/zerovarroa.com\/en\/politica-de-cookies\/\",\"url\":\"https:\/\/zerovarroa.com\/en\/politica-de-cookies\/\",\"name\":\"Pol\u00edtica de Cookies - ZeroVarroa\",\"isPartOf\":{\"@id\":\"https:\/\/zerovarroa.com\/en\/#website\"},\"datePublished\":\"2021-06-02T07:32:12+00:00\",\"dateModified\":\"2021-06-02T07:32:18+00:00\",\"breadcrumb\":{\"@id\":\"https:\/\/zerovarroa.com\/en\/politica-de-cookies\/#breadcrumb\"},\"inLanguage\":\"en-US\",\"potentialAction\":[{\"@type\":\"ReadAction\",\"target\":[\"https:\/\/zerovarroa.com\/en\/politica-de-cookies\/\"]}]},{\"@type\":\"BreadcrumbList\",\"@id\":\"https:\/\/zerovarroa.com\/en\/politica-de-cookies\/#breadcrumb\",\"itemListElement\":[{\"@type\":\"ListItem\",\"position\":1,\"name\":\"Portada\",\"item\":\"https:\/\/zerovarroa.com\/en\/home\/\"},{\"@type\":\"ListItem\",\"position\":2,\"name\":\"Pol\u00edtica de Cookies\"}]},{\"@type\":\"WebSite\",\"@id\":\"https:\/\/zerovarroa.com\/en\/#website\",\"url\":\"https:\/\/zerovarroa.com\/en\/\",\"name\":\"ZeroVarroa\",\"description\":\"\",\"potentialAction\":[{\"@type\":\"SearchAction\",\"target\":{\"@type\":\"EntryPoint\",\"urlTemplate\":\"https:\/\/zerovarroa.com\/en\/?s={search_term_string}\"},\"query-input\":{\"@type\":\"PropertyValueSpecification\",\"valueRequired\":true,\"valueName\":\"search_term_string\"}}],\"inLanguage\":\"en-US\"}]}<\/script>\n<!-- \/ Yoast SEO plugin. -->","yoast_head_json":{"title":"Pol\u00edtica de Cookies - ZeroVarroa","robots":{"index":"noindex","follow":"nofollow"},"og_locale":"en_US","og_type":"article","og_title":"Pol\u00edtica de Cookies - ZeroVarroa","og_description":"Pol\u00edtica de cookies Definici\u00f3n y funci\u00f3n de las cookies. Una cookie es un fichero que se descarga en el ordenador, tablet o smartphone del usuario cuando accede a una p\u00e1gina web. Las cookies permiten a una web, almacenar y recuperar informaci\u00f3n sobre los h\u00e1bitos de navegaci\u00f3n de un usuario concreto o de su equipo, que [&hellip;]","og_url":"https:\/\/zerovarroa.com\/en\/politica-de-cookies\/","og_site_name":"ZeroVarroa","article_modified_time":"2021-06-02T07:32:18+00:00","twitter_card":"summary_large_image","twitter_misc":{"Est. reading time":"8 minutes"},"schema":{"@context":"https:\/\/schema.org","@graph":[{"@type":"WebPage","@id":"https:\/\/zerovarroa.com\/en\/politica-de-cookies\/","url":"https:\/\/zerovarroa.com\/en\/politica-de-cookies\/","name":"Pol\u00edtica de Cookies - ZeroVarroa","isPartOf":{"@id":"https:\/\/zerovarroa.com\/en\/#website"},"datePublished":"2021-06-02T07:32:12+00:00","dateModified":"2021-06-02T07:32:18+00:00","breadcrumb":{"@id":"https:\/\/zerovarroa.com\/en\/politica-de-cookies\/#breadcrumb"},"inLanguage":"en-US","potentialAction":[{"@type":"ReadAction","target":["https:\/\/zerovarroa.com\/en\/politica-de-cookies\/"]}]},{"@type":"BreadcrumbList","@id":"https:\/\/zerovarroa.com\/en\/politica-de-cookies\/#breadcrumb","itemListElement":[{"@type":"ListItem","position":1,"name":"Portada","item":"https:\/\/zerovarroa.com\/en\/home\/"},{"@type":"ListItem","position":2,"name":"Pol\u00edtica de Cookies"}]},{"@type":"WebSite","@id":"https:\/\/zerovarroa.com\/en\/#website","url":"https:\/\/zerovarroa.com\/en\/","name":"ZeroVarroa","description":"","potentialAction":[{"@type":"SearchAction","target":{"@type":"EntryPoint","urlTemplate":"https:\/\/zerovarroa.com\/en\/?s={search_term_string}"},"query-input":{"@type":"PropertyValueSpecification","valueRequired":true,"valueName":"search_term_string"}}],"inLanguage":"en-US"}]}},"_links":{"self":[{"href":"https:\/\/zerovarroa.com\/en\/wp-json\/wp\/v2\/pages\/801","targetHints":{"allow":["GET"]}}],"collection":[{"href":"https:\/\/zerovarroa.com\/en\/wp-json\/wp\/v2\/pages"}],"about":[{"href":"https:\/\/zerovarroa.com\/en\/wp-json\/wp\/v2\/types\/page"}],"author":[{"embeddable":true,"href":"https:\/\/zerovarroa.com\/en\/wp-json\/wp\/v2\/users\/1"}],"replies":[{"embeddable":true,"href":"https:\/\/zerovarroa.com\/en\/wp-json\/wp\/v2\/comments?post=801"}],"version-history":[{"count":0,"href":"https:\/\/zerovarroa.com\/en\/wp-json\/wp\/v2\/pages\/801\/revisions"}],"wp:attachment":[{"href":"https:\/\/zerovarroa.com\/en\/wp-json\/wp\/v2\/media?parent=801"}],"curies":[{"name":"wp","href":"https:\/\/api.w.org\/{rel}","templated":true}]}}