{"id":834,"date":"2021-06-02T07:37:12","date_gmt":"2021-06-02T07:37:12","guid":{"rendered":"https:\/\/zerovarroa.com\/index.php\/politica-de-venta-y-devoluciones\/"},"modified":"2021-06-02T07:37:14","modified_gmt":"2021-06-02T07:37:14","slug":"politica-de-venta-y-devoluciones","status":"publish","type":"page","link":"https:\/\/zerovarroa.com\/en\/politica-de-venta-y-devoluciones\/","title":{"rendered":"Pol\u00edtica de venta y devoluciones"},"content":{"rendered":"<p>[et_pb_section fb_built=&#8221;1&#8243; admin_label=&#8221;Page Title Section&#8221; _builder_version=&#8221;4.9.4&#8243; use_background_color_gradient=&#8221;on&#8221; background_color_gradient_start=&#8221;#000000&#8243; background_color_gradient_end=&#8221;rgba(0,0,0,0)&#8221; background_color_gradient_direction=&#8221;120deg&#8221; background_color_gradient_overlays_image=&#8221;on&#8221; background_image=&#8221;https:\/\/zerovarroa.com\/wp-content\/uploads\/2021\/04\/31903291_m.jpg&#8221; custom_padding=&#8221;110px||110px|&#8221;][et_pb_row column_structure=&#8221;2_3,1_3&#8243; admin_label=&#8221;Page Title Area&#8221; _builder_version=&#8221;3.25&#8243; background_size=&#8221;initial&#8221; background_position=&#8221;top_left&#8221; background_repeat=&#8221;repeat&#8221;][et_pb_column type=&#8221;2_3&#8243; _builder_version=&#8221;3.25&#8243; custom_padding=&#8221;|||&#8221; custom_padding__hover=&#8221;|||&#8221;][et_pb_text admin_label=&#8221;Title&#8221; _builder_version=&#8221;4.9.4&#8243; text_font=&#8221;||||||||&#8221; header_font=&#8221;Poppins|600|||||||&#8221; header_font_size=&#8221;60px&#8221; header_line_height=&#8221;1.2em&#8221; header_2_font=&#8221;||||||||&#8221; background_layout=&#8221;dark&#8221; custom_margin=&#8221;||20px|&#8221; custom_padding=&#8221;|||&#8221; animation_style=&#8221;fade&#8221; hover_enabled=&#8221;0&#8243; header_font_size_tablet=&#8221;&#8221; header_font_size_phone=&#8221;40px&#8221; header_font_size_last_edited=&#8221;on|desktop&#8221; header_2_font_size_last_edited=&#8221;off|desktop&#8221; sticky_enabled=&#8221;0&#8243;]<\/p>\n<h3>Pol\u00edtica de venta y devoluciones<\/h3>\n<p>[\/et_pb_text][\/et_pb_column][et_pb_column type=&#8221;1_3&#8243; _builder_version=&#8221;3.25&#8243; custom_padding=&#8221;|||&#8221; custom_padding__hover=&#8221;|||&#8221;][\/et_pb_column][\/et_pb_row][\/et_pb_section][et_pb_section fb_built=&#8221;1&#8243; admin_label=&#8221;Class Details Section&#8221; _builder_version=&#8221;4.9.4&#8243; background_color=&#8221;#efe9e4&#8243; custom_padding=&#8221;90px||90px|&#8221;][et_pb_row _builder_version=&#8221;4.9.4&#8243; _module_preset=&#8221;default&#8221;][et_pb_column type=&#8221;4_4&#8243; _builder_version=&#8221;4.9.4&#8243; _module_preset=&#8221;default&#8221;][et_pb_text _builder_version=&#8221;4.9.4&#8243; _module_preset=&#8221;default&#8221; hover_enabled=&#8221;0&#8243; sticky_enabled=&#8221;0&#8243;]<\/p>\n<div class=\"fusion-text\">\n<p><strong>T\u00c9RMINOS Y CONDICIONES<\/strong><\/p>\n<p>Mediante el presente documento, ZEROVARROA presenta sus pol\u00edticas de uso de sus productos, que deben ser le\u00eddas y observadas por todos y cada uno de los clientes y visitantes.<br \/>LEA ATENTAMENTE ESTAS POL\u00cdTICAS DE USO ANTES DE USAR ESTE SERVICIO. Al usar el sitio usted acepta estas pol\u00edticas de uso. Si no acepta dichos t\u00e9rminos, no use el sitio.<\/p>\n<p><strong>Pol\u00edtica de venta<\/strong><\/p>\n<p>El cliente adquiere el dispositivo localizador y la conexi\u00f3n telef\u00f3nica de dicho dispositivo. El pago del dispositivo se puede hacer por trasferencia bancaria, mediante nuestro TPV virtual o mediante Paypal.<\/p>\n<p>La garant\u00eda del dispositivo es de 2 a\u00f1os. Estar\u00e1 autom\u00e1ticamente fuera de garant\u00eda cualquier dispositivo que haya sido manipulado, maltratado o usado de modo inadecuado para su uso.<\/p>\n<p><strong>Pol\u00edtica de devoluciones<\/strong><\/p>\n<p>Plazo de devoluci\u00f3n<\/p>\n<p>El plazo de devoluci\u00f3n es de 15 d\u00edas naturales a contar a partir de la entrega del dispositivo.<\/p>\n<p>El producto debe estar sin utilizar y en perfectas condiciones. Incluyendo accesorios, documentaci\u00f3n y embalaje original, en caso contrario no se aceptar\u00e1 la devoluci\u00f3n.<br \/>Una vez recibida la mercanc\u00eda en nuestros almacenes, y previa comprobaci\u00f3n del estado de la misma, se proceder\u00e1 al reintegro de su importe en los t\u00e9rminos establecidos en el RDL 1\/2007, conforme a la modalidad de pago realizada por el cliente, salvo pago en efectivo, que se reintegrar\u00e1 mediante transferencia bancaria.<\/p>\n<p>Procedimiento de devoluci\u00f3n.<\/p>\n<p>Para realizar tu devoluci\u00f3n, deber\u00e1 contactar con nosotros a trav\u00e9s del correo info@zerovarroa.com<\/p>\n<p>&nbsp;<\/p>\n<\/div>\n<p>[\/et_pb_text][\/et_pb_column][\/et_pb_row][\/et_pb_section][et_pb_section fb_built=&#8221;1&#8243; admin_label=&#8221;Footer Section&#8221; _builder_version=&#8221;3.22&#8243; background_color=&#8221;#1e1d1c&#8221; custom_padding=&#8221;90px||90px|&#8221; global_module=&#8221;227&#8243; saved_tabs=&#8221;all&#8221;][et_pb_row column_structure=&#8221;1_3,1_3,1_3&#8243; admin_label=&#8221;Footer Area&#8221; _builder_version=&#8221;3.25&#8243;][et_pb_column type=&#8221;1_3&#8243; _builder_version=&#8221;3.25&#8243; custom_padding=&#8221;|||&#8221; custom_padding__hover=&#8221;|||&#8221;][et_pb_text ul_type=&#8221;none&#8221; admin_label=&#8221;Title&#8221; _builder_version=&#8221;4.9.3&#8243; text_font=&#8221;Poppins||||||||&#8221; text_text_color=&#8221;rgba(255,255,255,0.7)&#8221; text_font_size=&#8221;16px&#8221; text_line_height=&#8221;1.8em&#8221; ul_font=&#8221;Poppins||||||||&#8221; ul_text_align=&#8221;center&#8221; header_font=&#8221;||||||||&#8221; header_2_font=&#8221;Poppins||||||||&#8221; header_2_text_align=&#8221;center&#8221; header_2_font_size=&#8221;24px&#8221; header_2_line_height=&#8221;1.4em&#8221; text_orientation=&#8221;center&#8221; background_layout=&#8221;dark&#8221; custom_margin=&#8221;||15px|&#8221; custom_padding=&#8221;|||&#8221; animation_style=&#8221;fade&#8221;]<\/p>\n<h2>Direcci\u00f3n<\/h2>\n<p>c\/ Sabinar, 2 Bajo. CP.24007 Le\u00f3n<\/p>\n<p>[\/et_pb_text][\/et_pb_column][et_pb_column type=&#8221;1_3&#8243; _builder_version=&#8221;3.25&#8243; custom_padding=&#8221;|||&#8221; custom_padding__hover=&#8221;|||&#8221;][et_pb_text ul_type=&#8221;none&#8221; admin_label=&#8221;Title&#8221; _builder_version=&#8221;4.9.3&#8243; text_font=&#8221;Poppins||||||||&#8221; text_text_color=&#8221;rgba(255,255,255,0.7)&#8221; text_font_size=&#8221;16px&#8221; text_line_height=&#8221;1.8em&#8221; ul_font=&#8221;Poppins||||||||&#8221; ul_text_align=&#8221;center&#8221; header_font=&#8221;||||||||&#8221; header_2_font=&#8221;Poppins||||||||&#8221; header_2_text_align=&#8221;center&#8221; header_2_font_size=&#8221;24px&#8221; header_2_line_height=&#8221;1.4em&#8221; text_orientation=&#8221;center&#8221; background_layout=&#8221;dark&#8221; custom_margin=&#8221;||15px|&#8221; custom_padding=&#8221;|||&#8221; animation_style=&#8221;fade&#8221;]<\/p>\n<h2>Tel\u00e9fono<\/h2>\n<p>(+34) 642 61 97 43 [\/et_pb_text][\/et_pb_column][et_pb_column type=&#8221;1_3&#8243; _builder_version=&#8221;3.25&#8243; custom_padding=&#8221;|||&#8221; custom_padding__hover=&#8221;|||&#8221;][et_pb_text ul_type=&#8221;none&#8221; admin_label=&#8221;Title&#8221; _builder_version=&#8221;4.9.3&#8243; text_font=&#8221;Poppins||||||||&#8221; text_text_color=&#8221;rgba(255,255,255,0.7)&#8221; text_font_size=&#8221;16px&#8221; text_line_height=&#8221;1.8em&#8221; ul_font=&#8221;Poppins||||||||&#8221; ul_text_align=&#8221;center&#8221; header_font=&#8221;||||||||&#8221; header_2_font=&#8221;Poppins||||||||&#8221; header_2_text_align=&#8221;center&#8221; header_2_font_size=&#8221;24px&#8221; header_2_line_height=&#8221;1.4em&#8221; text_orientation=&#8221;center&#8221; background_layout=&#8221;dark&#8221; custom_margin=&#8221;||15px|&#8221; custom_padding=&#8221;|||&#8221; animation_style=&#8221;fade&#8221;]<\/p>\n<h2>Email<\/h2>\n<p>info@zerovarroa.com<\/p>\n<p>[\/et_pb_text][\/et_pb_column][\/et_pb_row][et_pb_row disabled_on=&#8221;off|off|off&#8221; admin_label=&#8221;Social Media&#8221; _builder_version=&#8221;3.25&#8243; custom_margin=&#8221;30px|||&#8221;][et_pb_column type=&#8221;4_4&#8243; _builder_version=&#8221;3.25&#8243; custom_padding=&#8221;|||&#8221; custom_padding__hover=&#8221;|||&#8221;][et_pb_social_media_follow _builder_version=&#8221;4.9.4&#8243; text_orientation=&#8221;center&#8221;][et_pb_social_media_follow_network social_network=&#8221;facebook&#8221; url=&#8221;https:\/\/www.facebook.com\/Zero-Varroa-107789488115380\/&#8221; _builder_version=&#8221;4.9.4&#8243; background_color=&#8221;#fdb467&#8243; custom_margin=&#8221;|8px||8px&#8221; custom_padding=&#8221;14px|14px|14px|14px&#8221; border_radii=&#8221;on|100px|100px|100px|100px&#8221; follow_button=&#8221;off&#8221; url_new_window=&#8221;on&#8221;]facebook[\/et_pb_social_media_follow_network][et_pb_social_media_follow_network social_network=&#8221;youtube&#8221; url=&#8221;https:\/\/www.youtube.com\/channel\/UCaQ9MaGZNE3iZBtkE5vpeVw&#8221; _builder_version=&#8221;4.9.4&#8243; background_color=&#8221;#fdb467&#8243; custom_margin=&#8221;|8px||8px&#8221; custom_padding=&#8221;14px|14px|14px|14px&#8221; border_radii=&#8221;on|100px|100px|100px|100px&#8221; follow_button=&#8221;off&#8221; url_new_window=&#8221;on&#8221;]youtube[\/et_pb_social_media_follow_network][\/et_pb_social_media_follow][\/et_pb_column][\/et_pb_row][\/et_pb_section]<\/p>\n","protected":false},"excerpt":{"rendered":"<p>Pol\u00edtica de venta y devoluciones T\u00c9RMINOS Y CONDICIONES Mediante el presente documento, ZEROVARROA presenta sus pol\u00edticas de uso de sus productos, que deben ser le\u00eddas y observadas por todos y cada uno de los clientes y visitantes.LEA ATENTAMENTE ESTAS POL\u00cdTICAS DE USO ANTES DE USAR ESTE SERVICIO. Al usar el sitio usted acepta estas pol\u00edticas [&hellip;]<\/p>\n","protected":false},"author":1,"featured_media":0,"parent":0,"menu_order":0,"comment_status":"closed","ping_status":"closed","template":"","meta":{"_et_pb_use_builder":"on","_et_pb_old_content":"","_et_gb_content_width":"","footnotes":""},"class_list":["post-834","page","type-page","status-publish","hentry"],"yoast_head":"<!-- This site is optimized with the Yoast SEO plugin v26.1.1 - https:\/\/yoast.com\/wordpress\/plugins\/seo\/ -->\n<title>Pol\u00edtica de venta y devoluciones - ZeroVarroa<\/title>\n<meta name=\"robots\" content=\"noindex, nofollow\" \/>\n<meta property=\"og:locale\" content=\"en_US\" \/>\n<meta property=\"og:type\" content=\"article\" \/>\n<meta property=\"og:title\" content=\"Pol\u00edtica de venta y devoluciones - ZeroVarroa\" \/>\n<meta property=\"og:description\" content=\"Pol\u00edtica de venta y devoluciones T\u00c9RMINOS Y CONDICIONES Mediante el presente documento, ZEROVARROA presenta sus pol\u00edticas de uso de sus productos, que deben ser le\u00eddas y observadas por todos y cada uno de los clientes y visitantes.LEA ATENTAMENTE ESTAS POL\u00cdTICAS DE USO ANTES DE USAR ESTE SERVICIO. Al usar el sitio usted acepta estas pol\u00edticas [&hellip;]\" \/>\n<meta property=\"og:url\" content=\"https:\/\/zerovarroa.com\/en\/politica-de-venta-y-devoluciones\/\" \/>\n<meta property=\"og:site_name\" content=\"ZeroVarroa\" \/>\n<meta property=\"article:modified_time\" content=\"2021-06-02T07:37:14+00:00\" \/>\n<meta name=\"twitter:card\" content=\"summary_large_image\" \/>\n<meta name=\"twitter:label1\" content=\"Est. reading time\" \/>\n\t<meta name=\"twitter:data1\" content=\"5 minutes\" \/>\n<script type=\"application\/ld+json\" class=\"yoast-schema-graph\">{\"@context\":\"https:\/\/schema.org\",\"@graph\":[{\"@type\":\"WebPage\",\"@id\":\"https:\/\/zerovarroa.com\/en\/politica-de-venta-y-devoluciones\/\",\"url\":\"https:\/\/zerovarroa.com\/en\/politica-de-venta-y-devoluciones\/\",\"name\":\"Pol\u00edtica de venta y devoluciones - ZeroVarroa\",\"isPartOf\":{\"@id\":\"https:\/\/zerovarroa.com\/en\/#website\"},\"datePublished\":\"2021-06-02T07:37:12+00:00\",\"dateModified\":\"2021-06-02T07:37:14+00:00\",\"breadcrumb\":{\"@id\":\"https:\/\/zerovarroa.com\/en\/politica-de-venta-y-devoluciones\/#breadcrumb\"},\"inLanguage\":\"en-US\",\"potentialAction\":[{\"@type\":\"ReadAction\",\"target\":[\"https:\/\/zerovarroa.com\/en\/politica-de-venta-y-devoluciones\/\"]}]},{\"@type\":\"BreadcrumbList\",\"@id\":\"https:\/\/zerovarroa.com\/en\/politica-de-venta-y-devoluciones\/#breadcrumb\",\"itemListElement\":[{\"@type\":\"ListItem\",\"position\":1,\"name\":\"Portada\",\"item\":\"https:\/\/zerovarroa.com\/en\/home\/\"},{\"@type\":\"ListItem\",\"position\":2,\"name\":\"Pol\u00edtica de venta y devoluciones\"}]},{\"@type\":\"WebSite\",\"@id\":\"https:\/\/zerovarroa.com\/en\/#website\",\"url\":\"https:\/\/zerovarroa.com\/en\/\",\"name\":\"ZeroVarroa\",\"description\":\"\",\"potentialAction\":[{\"@type\":\"SearchAction\",\"target\":{\"@type\":\"EntryPoint\",\"urlTemplate\":\"https:\/\/zerovarroa.com\/en\/?s={search_term_string}\"},\"query-input\":{\"@type\":\"PropertyValueSpecification\",\"valueRequired\":true,\"valueName\":\"search_term_string\"}}],\"inLanguage\":\"en-US\"}]}<\/script>\n<!-- \/ Yoast SEO plugin. -->","yoast_head_json":{"title":"Pol\u00edtica de venta y devoluciones - ZeroVarroa","robots":{"index":"noindex","follow":"nofollow"},"og_locale":"en_US","og_type":"article","og_title":"Pol\u00edtica de venta y devoluciones - ZeroVarroa","og_description":"Pol\u00edtica de venta y devoluciones T\u00c9RMINOS Y CONDICIONES Mediante el presente documento, ZEROVARROA presenta sus pol\u00edticas de uso de sus productos, que deben ser le\u00eddas y observadas por todos y cada uno de los clientes y visitantes.LEA ATENTAMENTE ESTAS POL\u00cdTICAS DE USO ANTES DE USAR ESTE SERVICIO. Al usar el sitio usted acepta estas pol\u00edticas [&hellip;]","og_url":"https:\/\/zerovarroa.com\/en\/politica-de-venta-y-devoluciones\/","og_site_name":"ZeroVarroa","article_modified_time":"2021-06-02T07:37:14+00:00","twitter_card":"summary_large_image","twitter_misc":{"Est. reading time":"5 minutes"},"schema":{"@context":"https:\/\/schema.org","@graph":[{"@type":"WebPage","@id":"https:\/\/zerovarroa.com\/en\/politica-de-venta-y-devoluciones\/","url":"https:\/\/zerovarroa.com\/en\/politica-de-venta-y-devoluciones\/","name":"Pol\u00edtica de venta y devoluciones - ZeroVarroa","isPartOf":{"@id":"https:\/\/zerovarroa.com\/en\/#website"},"datePublished":"2021-06-02T07:37:12+00:00","dateModified":"2021-06-02T07:37:14+00:00","breadcrumb":{"@id":"https:\/\/zerovarroa.com\/en\/politica-de-venta-y-devoluciones\/#breadcrumb"},"inLanguage":"en-US","potentialAction":[{"@type":"ReadAction","target":["https:\/\/zerovarroa.com\/en\/politica-de-venta-y-devoluciones\/"]}]},{"@type":"BreadcrumbList","@id":"https:\/\/zerovarroa.com\/en\/politica-de-venta-y-devoluciones\/#breadcrumb","itemListElement":[{"@type":"ListItem","position":1,"name":"Portada","item":"https:\/\/zerovarroa.com\/en\/home\/"},{"@type":"ListItem","position":2,"name":"Pol\u00edtica de venta y devoluciones"}]},{"@type":"WebSite","@id":"https:\/\/zerovarroa.com\/en\/#website","url":"https:\/\/zerovarroa.com\/en\/","name":"ZeroVarroa","description":"","potentialAction":[{"@type":"SearchAction","target":{"@type":"EntryPoint","urlTemplate":"https:\/\/zerovarroa.com\/en\/?s={search_term_string}"},"query-input":{"@type":"PropertyValueSpecification","valueRequired":true,"valueName":"search_term_string"}}],"inLanguage":"en-US"}]}},"_links":{"self":[{"href":"https:\/\/zerovarroa.com\/en\/wp-json\/wp\/v2\/pages\/834","targetHints":{"allow":["GET"]}}],"collection":[{"href":"https:\/\/zerovarroa.com\/en\/wp-json\/wp\/v2\/pages"}],"about":[{"href":"https:\/\/zerovarroa.com\/en\/wp-json\/wp\/v2\/types\/page"}],"author":[{"embeddable":true,"href":"https:\/\/zerovarroa.com\/en\/wp-json\/wp\/v2\/users\/1"}],"replies":[{"embeddable":true,"href":"https:\/\/zerovarroa.com\/en\/wp-json\/wp\/v2\/comments?post=834"}],"version-history":[{"count":0,"href":"https:\/\/zerovarroa.com\/en\/wp-json\/wp\/v2\/pages\/834\/revisions"}],"wp:attachment":[{"href":"https:\/\/zerovarroa.com\/en\/wp-json\/wp\/v2\/media?parent=834"}],"curies":[{"name":"wp","href":"https:\/\/api.w.org\/{rel}","templated":true}]}}