{"id":1030,"date":"2021-04-19T07:51:02","date_gmt":"2021-09-29T17:08:06","guid":{"rendered":"https:\/\/zerovarroa.com\/index.php\/producto\/porticina-antivarroa\/"},"modified":"2024-02-05T09:39:59","modified_gmt":"2024-02-05T09:39:59","slug":"piquera-antivarroa-2","status":"publish","type":"product","link":"https:\/\/zerovarroa.com\/en\/producto\/piquera-antivarroa-2\/","title":{"rendered":"Porticina Antivarroa"},"content":{"rendered":"<p>[et_pb_section fb_built=&#8221;1&#8243; theme_builder_area=&#8221;post_content&#8221; _builder_version=&#8221;4.24.0&#8243; _module_preset=&#8221;default&#8221;][\/et_pb_section]<\/p>\n","protected":false},"excerpt":{"rendered":"","protected":false},"featured_media":1032,"template":"","meta":{"_et_pb_use_builder":"on","_et_pb_old_content":"Porticina prodotta con plastica alimentare che protegge dai raggi UV, capace di eliminare gli acari varroa che paralizzano le api. Dispone di una spazzolina interna che rimuove gli acari dalla parte alta del torace delle api ogni volta che queste entrano ed escono dall'arnia. \u00c8 adatta a qualsiasi tipo di arnia.\r\n\r\nCaratteristiche:\r\n<ul>\r\n \t<li>Elimina la varroa foretica.<\/li>\r\n \t<li>Contribuisce al riconoscimento dello stato reale della infestazione in corso in ogni arnia.<\/li>\r\n \t<li>Evita reinfestazioni provocate dal saccheggio e dal movimento dei fuchi.<\/li>\r\n \t<li>Adattata a qualsiasi tipo di arnia e idonea alla transumanza.<\/li>\r\n \t<li>Con sistema di entrata restringente antisaccheggio.<\/li>\r\n \t<li>Es ideal para la apicultura ecol\u00f3gica.<\/li>\r\n \t<li>Robusto y duradero. Apto para soportar las inclemencias de tiempo.<\/li>\r\n<\/ul>\r\nPrezzo:\r\n1 a 10 unit\u00e0 18 \u20ac pi\u00f9 IVA\r\n11 a 50 unit\u00e0 17 \u20ac pi\u00f9 IVA\r\n51 a 200 unit\u00e0 16 \u20ac pi\u00f9 IVA\r\nPi\u00f9 di 200 unit\u00e0 15 \u20ac pi\u00f9 IVA.\r\nspedizione non inclusa.","_et_gb_content_width":""},"product_brand":[],"product_cat":[16],"product_tag":[],"class_list":{"0":"post-1030","1":"product","2":"type-product","3":"status-publish","4":"has-post-thumbnail","6":"product_cat-sin-categorizar","8":"first","9":"instock","10":"taxable","11":"shipping-taxable","12":"purchasable","13":"product-type-simple"},"yoast_head":"<!-- This site is optimized with the Yoast SEO plugin v26.1.1 - https:\/\/yoast.com\/wordpress\/plugins\/seo\/ -->\n<title>Porticina Antivarroa - ZeroVarroa<\/title>\n<meta name=\"description\" content=\"Tiene en su interior un cepillo que limpia la parte superior del torax y la parte inferior del abdomen. Las varroas atrapadas caen a un caj\u00f3n situado en la parte inferior. Disminuir\u00e1 la cantidad de varroa en tus colmenas sin utilizar ning\u00fan producto qu\u00edmico.\" \/>\n<meta name=\"robots\" content=\"index, follow, max-snippet:-1, max-image-preview:large, max-video-preview:-1\" \/>\n<link rel=\"canonical\" href=\"https:\/\/zerovarroa.com\/en\/producto\/piquera-antivarroa-2\/\" \/>\n<meta property=\"og:locale\" content=\"en_US\" \/>\n<meta property=\"og:type\" content=\"article\" \/>\n<meta property=\"og:title\" content=\"Porticina Antivarroa - ZeroVarroa\" \/>\n<meta property=\"og:description\" content=\"Tiene en su interior un cepillo que limpia la parte superior del torax y la parte inferior del abdomen. Las varroas atrapadas caen a un caj\u00f3n situado en la parte inferior. Disminuir\u00e1 la cantidad de varroa en tus colmenas sin utilizar ning\u00fan producto qu\u00edmico.\" \/>\n<meta property=\"og:url\" content=\"https:\/\/zerovarroa.com\/en\/producto\/piquera-antivarroa-2\/\" \/>\n<meta property=\"og:site_name\" content=\"ZeroVarroa\" \/>\n<meta property=\"article:modified_time\" content=\"2024-02-05T09:39:59+00:00\" \/>\n<meta property=\"og:image\" content=\"https:\/\/zerovarroa.com\/wp-content\/uploads\/2021\/04\/kit-piquera-antivarroa.jpg\" \/>\n\t<meta property=\"og:image:width\" content=\"800\" \/>\n\t<meta property=\"og:image:height\" content=\"546\" \/>\n\t<meta property=\"og:image:type\" content=\"image\/jpeg\" \/>\n<meta name=\"twitter:card\" content=\"summary_large_image\" \/>\n<script type=\"application\/ld+json\" class=\"yoast-schema-graph\">{\"@context\":\"https:\/\/schema.org\",\"@graph\":[{\"@type\":\"WebPage\",\"@id\":\"https:\/\/zerovarroa.com\/en\/producto\/piquera-antivarroa-2\/\",\"url\":\"https:\/\/zerovarroa.com\/en\/producto\/piquera-antivarroa-2\/\",\"name\":\"Porticina Antivarroa - ZeroVarroa\",\"isPartOf\":{\"@id\":\"https:\/\/zerovarroa.com\/en\/#website\"},\"primaryImageOfPage\":{\"@id\":\"https:\/\/zerovarroa.com\/en\/producto\/piquera-antivarroa-2\/#primaryimage\"},\"image\":{\"@id\":\"https:\/\/zerovarroa.com\/en\/producto\/piquera-antivarroa-2\/#primaryimage\"},\"thumbnailUrl\":\"https:\/\/zerovarroa.com\/wp-content\/uploads\/2021\/04\/kit-piquera-antivarroa.jpg\",\"datePublished\":\"2021-09-29T17:08:06+00:00\",\"dateModified\":\"2024-02-05T09:39:59+00:00\",\"description\":\"Tiene en su interior un cepillo que limpia la parte superior del torax y la parte inferior del abdomen. Las varroas atrapadas caen a un caj\u00f3n situado en la parte inferior. Disminuir\u00e1 la cantidad de varroa en tus colmenas sin utilizar ning\u00fan producto qu\u00edmico.\",\"breadcrumb\":{\"@id\":\"https:\/\/zerovarroa.com\/en\/producto\/piquera-antivarroa-2\/#breadcrumb\"},\"inLanguage\":\"en-US\",\"potentialAction\":[{\"@type\":\"ReadAction\",\"target\":[\"https:\/\/zerovarroa.com\/en\/producto\/piquera-antivarroa-2\/\"]}]},{\"@type\":\"ImageObject\",\"inLanguage\":\"en-US\",\"@id\":\"https:\/\/zerovarroa.com\/en\/producto\/piquera-antivarroa-2\/#primaryimage\",\"url\":\"https:\/\/zerovarroa.com\/wp-content\/uploads\/2021\/04\/kit-piquera-antivarroa.jpg\",\"contentUrl\":\"https:\/\/zerovarroa.com\/wp-content\/uploads\/2021\/04\/kit-piquera-antivarroa.jpg\",\"width\":800,\"height\":546,\"caption\":\"Porticina antivarroa\"},{\"@type\":\"BreadcrumbList\",\"@id\":\"https:\/\/zerovarroa.com\/en\/producto\/piquera-antivarroa-2\/#breadcrumb\",\"itemListElement\":[{\"@type\":\"ListItem\",\"position\":1,\"name\":\"Portada\",\"item\":\"https:\/\/zerovarroa.com\/en\/home\/\"},{\"@type\":\"ListItem\",\"position\":2,\"name\":\"Shop\",\"item\":\"https:\/\/zerovarroa.com\/en\/shop\/\"},{\"@type\":\"ListItem\",\"position\":3,\"name\":\"Porticina Antivarroa\"}]},{\"@type\":\"WebSite\",\"@id\":\"https:\/\/zerovarroa.com\/en\/#website\",\"url\":\"https:\/\/zerovarroa.com\/en\/\",\"name\":\"ZeroVarroa\",\"description\":\"\",\"potentialAction\":[{\"@type\":\"SearchAction\",\"target\":{\"@type\":\"EntryPoint\",\"urlTemplate\":\"https:\/\/zerovarroa.com\/en\/?s={search_term_string}\"},\"query-input\":{\"@type\":\"PropertyValueSpecification\",\"valueRequired\":true,\"valueName\":\"search_term_string\"}}],\"inLanguage\":\"en-US\"}]}<\/script>\n<!-- \/ Yoast SEO plugin. -->","yoast_head_json":{"title":"Porticina Antivarroa - ZeroVarroa","description":"Tiene en su interior un cepillo que limpia la parte superior del torax y la parte inferior del abdomen. Las varroas atrapadas caen a un caj\u00f3n situado en la parte inferior. Disminuir\u00e1 la cantidad de varroa en tus colmenas sin utilizar ning\u00fan producto qu\u00edmico.","robots":{"index":"index","follow":"follow","max-snippet":"max-snippet:-1","max-image-preview":"max-image-preview:large","max-video-preview":"max-video-preview:-1"},"canonical":"https:\/\/zerovarroa.com\/en\/producto\/piquera-antivarroa-2\/","og_locale":"en_US","og_type":"article","og_title":"Porticina Antivarroa - ZeroVarroa","og_description":"Tiene en su interior un cepillo que limpia la parte superior del torax y la parte inferior del abdomen. Las varroas atrapadas caen a un caj\u00f3n situado en la parte inferior. Disminuir\u00e1 la cantidad de varroa en tus colmenas sin utilizar ning\u00fan producto qu\u00edmico.","og_url":"https:\/\/zerovarroa.com\/en\/producto\/piquera-antivarroa-2\/","og_site_name":"ZeroVarroa","article_modified_time":"2024-02-05T09:39:59+00:00","og_image":[{"width":800,"height":546,"url":"https:\/\/zerovarroa.com\/wp-content\/uploads\/2021\/04\/kit-piquera-antivarroa.jpg","type":"image\/jpeg"}],"twitter_card":"summary_large_image","schema":{"@context":"https:\/\/schema.org","@graph":[{"@type":"WebPage","@id":"https:\/\/zerovarroa.com\/en\/producto\/piquera-antivarroa-2\/","url":"https:\/\/zerovarroa.com\/en\/producto\/piquera-antivarroa-2\/","name":"Porticina Antivarroa - ZeroVarroa","isPartOf":{"@id":"https:\/\/zerovarroa.com\/en\/#website"},"primaryImageOfPage":{"@id":"https:\/\/zerovarroa.com\/en\/producto\/piquera-antivarroa-2\/#primaryimage"},"image":{"@id":"https:\/\/zerovarroa.com\/en\/producto\/piquera-antivarroa-2\/#primaryimage"},"thumbnailUrl":"https:\/\/zerovarroa.com\/wp-content\/uploads\/2021\/04\/kit-piquera-antivarroa.jpg","datePublished":"2021-09-29T17:08:06+00:00","dateModified":"2024-02-05T09:39:59+00:00","description":"Tiene en su interior un cepillo que limpia la parte superior del torax y la parte inferior del abdomen. Las varroas atrapadas caen a un caj\u00f3n situado en la parte inferior. Disminuir\u00e1 la cantidad de varroa en tus colmenas sin utilizar ning\u00fan producto qu\u00edmico.","breadcrumb":{"@id":"https:\/\/zerovarroa.com\/en\/producto\/piquera-antivarroa-2\/#breadcrumb"},"inLanguage":"en-US","potentialAction":[{"@type":"ReadAction","target":["https:\/\/zerovarroa.com\/en\/producto\/piquera-antivarroa-2\/"]}]},{"@type":"ImageObject","inLanguage":"en-US","@id":"https:\/\/zerovarroa.com\/en\/producto\/piquera-antivarroa-2\/#primaryimage","url":"https:\/\/zerovarroa.com\/wp-content\/uploads\/2021\/04\/kit-piquera-antivarroa.jpg","contentUrl":"https:\/\/zerovarroa.com\/wp-content\/uploads\/2021\/04\/kit-piquera-antivarroa.jpg","width":800,"height":546,"caption":"Porticina antivarroa"},{"@type":"BreadcrumbList","@id":"https:\/\/zerovarroa.com\/en\/producto\/piquera-antivarroa-2\/#breadcrumb","itemListElement":[{"@type":"ListItem","position":1,"name":"Portada","item":"https:\/\/zerovarroa.com\/en\/home\/"},{"@type":"ListItem","position":2,"name":"Shop","item":"https:\/\/zerovarroa.com\/en\/shop\/"},{"@type":"ListItem","position":3,"name":"Porticina Antivarroa"}]},{"@type":"WebSite","@id":"https:\/\/zerovarroa.com\/en\/#website","url":"https:\/\/zerovarroa.com\/en\/","name":"ZeroVarroa","description":"","potentialAction":[{"@type":"SearchAction","target":{"@type":"EntryPoint","urlTemplate":"https:\/\/zerovarroa.com\/en\/?s={search_term_string}"},"query-input":{"@type":"PropertyValueSpecification","valueRequired":true,"valueName":"search_term_string"}}],"inLanguage":"en-US"}]}},"tiered_pricing_type":"fixed","tiered_pricing_fixed_rules":[],"tiered_pricing_product_settings":{"layout":"default","base_unit_name":{"singular":null,"plural":null},"default_variation":null},"tiered_pricing_minimum_quantity":null,"tiered_pricing_roles_data":[],"tiered_pricing_percentage_rules":[],"_links":{"self":[{"href":"https:\/\/zerovarroa.com\/en\/wp-json\/wp\/v2\/product\/1030","targetHints":{"allow":["GET"]}}],"collection":[{"href":"https:\/\/zerovarroa.com\/en\/wp-json\/wp\/v2\/product"}],"about":[{"href":"https:\/\/zerovarroa.com\/en\/wp-json\/wp\/v2\/types\/product"}],"wp:featuredmedia":[{"embeddable":true,"href":"https:\/\/zerovarroa.com\/en\/wp-json\/wp\/v2\/media\/1032"}],"wp:attachment":[{"href":"https:\/\/zerovarroa.com\/en\/wp-json\/wp\/v2\/media?parent=1030"}],"wp:term":[{"taxonomy":"product_brand","embeddable":true,"href":"https:\/\/zerovarroa.com\/en\/wp-json\/wp\/v2\/product_brand?post=1030"},{"taxonomy":"product_cat","embeddable":true,"href":"https:\/\/zerovarroa.com\/en\/wp-json\/wp\/v2\/product_cat?post=1030"},{"taxonomy":"product_tag","embeddable":true,"href":"https:\/\/zerovarroa.com\/en\/wp-json\/wp\/v2\/product_tag?post=1030"}],"curies":[{"name":"wp","href":"https:\/\/api.w.org\/{rel}","templated":true}]}}