{"id":840,"date":"2021-06-02T07:37:41","date_gmt":"2021-06-02T07:37:41","guid":{"rendered":"https:\/\/zerovarroa.com\/index.php\/politica-de-venta-y-devoluciones\/"},"modified":"2021-06-02T07:37:50","modified_gmt":"2021-06-02T07:37:50","slug":"politica-de-venta-y-devoluciones","status":"publish","type":"page","link":"https:\/\/zerovarroa.com\/fr\/politica-de-venta-y-devoluciones\/","title":{"rendered":"Pol\u00edtica de venta y devoluciones"},"content":{"rendered":"<p>[et_pb_section fb_built=\u00a0\u00bb1&Prime; admin_label=\u00a0\u00bbPage Title Section\u00a0\u00bb _builder_version=\u00a0\u00bb4.9.4&Prime; use_background_color_gradient=\u00a0\u00bbon\u00a0\u00bb background_color_gradient_start=\u00a0\u00bb#000000&Prime; background_color_gradient_end=\u00a0\u00bbrgba(0,0,0,0)\u00a0\u00bb background_color_gradient_direction=\u00a0\u00bb120deg\u00a0\u00bb background_color_gradient_overlays_image=\u00a0\u00bbon\u00a0\u00bb background_image=\u00a0\u00bbhttps:\/\/zerovarroa.com\/wp-content\/uploads\/2021\/04\/31903291_m.jpg\u00a0\u00bb custom_padding=\u00a0\u00bb110px||110px|\u00a0\u00bb][et_pb_row column_structure=\u00a0\u00bb2_3,1_3&Prime; admin_label=\u00a0\u00bbPage Title Area\u00a0\u00bb _builder_version=\u00a0\u00bb3.25&Prime; background_size=\u00a0\u00bbinitial\u00a0\u00bb background_position=\u00a0\u00bbtop_left\u00a0\u00bb background_repeat=\u00a0\u00bbrepeat\u00a0\u00bb][et_pb_column type=\u00a0\u00bb2_3&Prime; _builder_version=\u00a0\u00bb3.25&Prime; custom_padding=\u00a0\u00bb|||\u00a0\u00bb custom_padding__hover=\u00a0\u00bb|||\u00a0\u00bb][et_pb_text admin_label=\u00a0\u00bbTitle\u00a0\u00bb _builder_version=\u00a0\u00bb4.9.4&Prime; text_font=\u00a0\u00bb||||||||\u00a0\u00bb header_font=\u00a0\u00bbPoppins|600|||||||\u00a0\u00bb header_font_size=\u00a0\u00bb60px\u00a0\u00bb header_line_height=\u00a0\u00bb1.2em\u00a0\u00bb header_2_font=\u00a0\u00bb||||||||\u00a0\u00bb background_layout=\u00a0\u00bbdark\u00a0\u00bb custom_margin=\u00a0\u00bb||20px|\u00a0\u00bb custom_padding=\u00a0\u00bb|||\u00a0\u00bb animation_style=\u00a0\u00bbfade\u00a0\u00bb hover_enabled=\u00a0\u00bb0&Prime; header_font_size_tablet=\u00a0\u00bb\u00a0\u00bb header_font_size_phone=\u00a0\u00bb40px\u00a0\u00bb header_font_size_last_edited=\u00a0\u00bbon|desktop\u00a0\u00bb header_2_font_size_last_edited=\u00a0\u00bboff|desktop\u00a0\u00bb sticky_enabled=\u00a0\u00bb0&Prime;]<\/p>\n<h3>Pol\u00edtica de venta y devoluciones<\/h3>\n<p>[\/et_pb_text][\/et_pb_column][et_pb_column type=\u00a0\u00bb1_3&Prime; _builder_version=\u00a0\u00bb3.25&Prime; custom_padding=\u00a0\u00bb|||\u00a0\u00bb custom_padding__hover=\u00a0\u00bb|||\u00a0\u00bb][\/et_pb_column][\/et_pb_row][\/et_pb_section][et_pb_section fb_built=\u00a0\u00bb1&Prime; admin_label=\u00a0\u00bbClass Details Section\u00a0\u00bb _builder_version=\u00a0\u00bb4.9.4&Prime; background_color=\u00a0\u00bb#efe9e4&Prime; custom_padding=\u00a0\u00bb90px||90px|\u00a0\u00bb][et_pb_row _builder_version=\u00a0\u00bb4.9.4&Prime; _module_preset=\u00a0\u00bbdefault\u00a0\u00bb][et_pb_column type=\u00a0\u00bb4_4&Prime; _builder_version=\u00a0\u00bb4.9.4&Prime; _module_preset=\u00a0\u00bbdefault\u00a0\u00bb][et_pb_text _builder_version=\u00a0\u00bb4.9.4&Prime; _module_preset=\u00a0\u00bbdefault\u00a0\u00bb hover_enabled=\u00a0\u00bb0&Prime; sticky_enabled=\u00a0\u00bb0&Prime;]<\/p>\n<div class=\"fusion-text\">\n<p><strong>T\u00c9RMINOS Y CONDICIONES<\/strong><\/p>\n<p>Mediante el presente documento, ZEROVARROA presenta sus pol\u00edticas de uso de sus productos, que deben ser le\u00eddas y observadas por todos y cada uno de los clientes y visitantes.<br \/>LEA ATENTAMENTE ESTAS POL\u00cdTICAS DE USO ANTES DE USAR ESTE SERVICIO. Al usar el sitio usted acepta estas pol\u00edticas de uso. Si no acepta dichos t\u00e9rminos, no use el sitio.<\/p>\n<p><strong>Pol\u00edtica de venta<\/strong><\/p>\n<p>El cliente adquiere el dispositivo localizador y la conexi\u00f3n telef\u00f3nica de dicho dispositivo. El pago del dispositivo se puede hacer por trasferencia bancaria, mediante nuestro TPV virtual o mediante Paypal.<\/p>\n<p>La garant\u00eda del dispositivo es de 2 a\u00f1os. Estar\u00e1 autom\u00e1ticamente fuera de garant\u00eda cualquier dispositivo que haya sido manipulado, maltratado o usado de modo inadecuado para su uso.<\/p>\n<p><strong>Pol\u00edtica de devoluciones<\/strong><\/p>\n<p>Plazo de devoluci\u00f3n<\/p>\n<p>El plazo de devoluci\u00f3n es de 15 d\u00edas naturales a contar a partir de la entrega del dispositivo.<\/p>\n<p>El producto debe estar sin utilizar y en perfectas condiciones. Incluyendo accesorios, documentaci\u00f3n y embalaje original, en caso contrario no se aceptar\u00e1 la devoluci\u00f3n.<br \/>Una vez recibida la mercanc\u00eda en nuestros almacenes, y previa comprobaci\u00f3n del estado de la misma, se proceder\u00e1 al reintegro de su importe en los t\u00e9rminos establecidos en el RDL 1\/2007, conforme a la modalidad de pago realizada por el cliente, salvo pago en efectivo, que se reintegrar\u00e1 mediante transferencia bancaria.<\/p>\n<p>Procedimiento de devoluci\u00f3n.<\/p>\n<p>Para realizar tu devoluci\u00f3n, deber\u00e1 contactar con nosotros a trav\u00e9s del correo info@zerovarroa.com<\/p>\n<p>&nbsp;<\/p>\n<\/div>\n<p>[\/et_pb_text][\/et_pb_column][\/et_pb_row][\/et_pb_section][et_pb_section fb_built=\u00a0\u00bb1&Prime; admin_label=\u00a0\u00bbFooter Section\u00a0\u00bb _builder_version=\u00a0\u00bb3.22&Prime; background_color=\u00a0\u00bb#1e1d1c\u00a0\u00bb custom_padding=\u00a0\u00bb90px||90px|\u00a0\u00bb global_module=\u00a0\u00bb227&Prime; saved_tabs=\u00a0\u00bball\u00a0\u00bb][et_pb_row column_structure=\u00a0\u00bb1_3,1_3,1_3&Prime; admin_label=\u00a0\u00bbFooter Area\u00a0\u00bb _builder_version=\u00a0\u00bb3.25&Prime;][et_pb_column type=\u00a0\u00bb1_3&Prime; _builder_version=\u00a0\u00bb3.25&Prime; custom_padding=\u00a0\u00bb|||\u00a0\u00bb custom_padding__hover=\u00a0\u00bb|||\u00a0\u00bb][et_pb_text ul_type=\u00a0\u00bbnone\u00a0\u00bb admin_label=\u00a0\u00bbTitle\u00a0\u00bb _builder_version=\u00a0\u00bb4.9.3&Prime; text_font=\u00a0\u00bbPoppins||||||||\u00a0\u00bb text_text_color=\u00a0\u00bbrgba(255,255,255,0.7)\u00a0\u00bb text_font_size=\u00a0\u00bb16px\u00a0\u00bb text_line_height=\u00a0\u00bb1.8em\u00a0\u00bb ul_font=\u00a0\u00bbPoppins||||||||\u00a0\u00bb ul_text_align=\u00a0\u00bbcenter\u00a0\u00bb header_font=\u00a0\u00bb||||||||\u00a0\u00bb header_2_font=\u00a0\u00bbPoppins||||||||\u00a0\u00bb header_2_text_align=\u00a0\u00bbcenter\u00a0\u00bb header_2_font_size=\u00a0\u00bb24px\u00a0\u00bb header_2_line_height=\u00a0\u00bb1.4em\u00a0\u00bb text_orientation=\u00a0\u00bbcenter\u00a0\u00bb background_layout=\u00a0\u00bbdark\u00a0\u00bb custom_margin=\u00a0\u00bb||15px|\u00a0\u00bb custom_padding=\u00a0\u00bb|||\u00a0\u00bb animation_style=\u00a0\u00bbfade\u00a0\u00bb]<\/p>\n<h2>Direcci\u00f3n<\/h2>\n<p>c\/ Sabinar, 2 Bajo. CP.24007 Le\u00f3n<\/p>\n<p>[\/et_pb_text][\/et_pb_column][et_pb_column type=\u00a0\u00bb1_3&Prime; _builder_version=\u00a0\u00bb3.25&Prime; custom_padding=\u00a0\u00bb|||\u00a0\u00bb custom_padding__hover=\u00a0\u00bb|||\u00a0\u00bb][et_pb_text ul_type=\u00a0\u00bbnone\u00a0\u00bb admin_label=\u00a0\u00bbTitle\u00a0\u00bb _builder_version=\u00a0\u00bb4.9.3&Prime; text_font=\u00a0\u00bbPoppins||||||||\u00a0\u00bb text_text_color=\u00a0\u00bbrgba(255,255,255,0.7)\u00a0\u00bb text_font_size=\u00a0\u00bb16px\u00a0\u00bb text_line_height=\u00a0\u00bb1.8em\u00a0\u00bb ul_font=\u00a0\u00bbPoppins||||||||\u00a0\u00bb ul_text_align=\u00a0\u00bbcenter\u00a0\u00bb header_font=\u00a0\u00bb||||||||\u00a0\u00bb header_2_font=\u00a0\u00bbPoppins||||||||\u00a0\u00bb header_2_text_align=\u00a0\u00bbcenter\u00a0\u00bb header_2_font_size=\u00a0\u00bb24px\u00a0\u00bb header_2_line_height=\u00a0\u00bb1.4em\u00a0\u00bb text_orientation=\u00a0\u00bbcenter\u00a0\u00bb background_layout=\u00a0\u00bbdark\u00a0\u00bb custom_margin=\u00a0\u00bb||15px|\u00a0\u00bb custom_padding=\u00a0\u00bb|||\u00a0\u00bb animation_style=\u00a0\u00bbfade\u00a0\u00bb]<\/p>\n<h2>Tel\u00e9fono<\/h2>\n<p>(+34) 642 61 97 43 [\/et_pb_text][\/et_pb_column][et_pb_column type=\u00a0\u00bb1_3&Prime; _builder_version=\u00a0\u00bb3.25&Prime; custom_padding=\u00a0\u00bb|||\u00a0\u00bb custom_padding__hover=\u00a0\u00bb|||\u00a0\u00bb][et_pb_text ul_type=\u00a0\u00bbnone\u00a0\u00bb admin_label=\u00a0\u00bbTitle\u00a0\u00bb _builder_version=\u00a0\u00bb4.9.3&Prime; text_font=\u00a0\u00bbPoppins||||||||\u00a0\u00bb text_text_color=\u00a0\u00bbrgba(255,255,255,0.7)\u00a0\u00bb text_font_size=\u00a0\u00bb16px\u00a0\u00bb text_line_height=\u00a0\u00bb1.8em\u00a0\u00bb ul_font=\u00a0\u00bbPoppins||||||||\u00a0\u00bb ul_text_align=\u00a0\u00bbcenter\u00a0\u00bb header_font=\u00a0\u00bb||||||||\u00a0\u00bb header_2_font=\u00a0\u00bbPoppins||||||||\u00a0\u00bb header_2_text_align=\u00a0\u00bbcenter\u00a0\u00bb header_2_font_size=\u00a0\u00bb24px\u00a0\u00bb header_2_line_height=\u00a0\u00bb1.4em\u00a0\u00bb text_orientation=\u00a0\u00bbcenter\u00a0\u00bb background_layout=\u00a0\u00bbdark\u00a0\u00bb custom_margin=\u00a0\u00bb||15px|\u00a0\u00bb custom_padding=\u00a0\u00bb|||\u00a0\u00bb animation_style=\u00a0\u00bbfade\u00a0\u00bb]<\/p>\n<h2>Email<\/h2>\n<p>info@zerovarroa.com<\/p>\n<p>[\/et_pb_text][\/et_pb_column][\/et_pb_row][et_pb_row disabled_on=\u00a0\u00bboff|off|off\u00a0\u00bb admin_label=\u00a0\u00bbSocial Media\u00a0\u00bb _builder_version=\u00a0\u00bb3.25&Prime; custom_margin=\u00a0\u00bb30px|||\u00a0\u00bb][et_pb_column type=\u00a0\u00bb4_4&Prime; _builder_version=\u00a0\u00bb3.25&Prime; custom_padding=\u00a0\u00bb|||\u00a0\u00bb custom_padding__hover=\u00a0\u00bb|||\u00a0\u00bb][et_pb_social_media_follow _builder_version=\u00a0\u00bb4.9.4&Prime; text_orientation=\u00a0\u00bbcenter\u00a0\u00bb][et_pb_social_media_follow_network social_network=\u00a0\u00bbfacebook\u00a0\u00bb url=\u00a0\u00bbhttps:\/\/www.facebook.com\/Zero-Varroa-107789488115380\/\u00a0\u00bb _builder_version=\u00a0\u00bb4.9.4&Prime; background_color=\u00a0\u00bb#fdb467&Prime; custom_margin=\u00a0\u00bb|8px||8px\u00a0\u00bb custom_padding=\u00a0\u00bb14px|14px|14px|14px\u00a0\u00bb border_radii=\u00a0\u00bbon|100px|100px|100px|100px\u00a0\u00bb follow_button=\u00a0\u00bboff\u00a0\u00bb url_new_window=\u00a0\u00bbon\u00a0\u00bb]facebook[\/et_pb_social_media_follow_network][et_pb_social_media_follow_network social_network=\u00a0\u00bbyoutube\u00a0\u00bb url=\u00a0\u00bbhttps:\/\/www.youtube.com\/channel\/UCaQ9MaGZNE3iZBtkE5vpeVw\u00a0\u00bb _builder_version=\u00a0\u00bb4.9.4&Prime; background_color=\u00a0\u00bb#fdb467&Prime; custom_margin=\u00a0\u00bb|8px||8px\u00a0\u00bb custom_padding=\u00a0\u00bb14px|14px|14px|14px\u00a0\u00bb border_radii=\u00a0\u00bbon|100px|100px|100px|100px\u00a0\u00bb follow_button=\u00a0\u00bboff\u00a0\u00bb url_new_window=\u00a0\u00bbon\u00a0\u00bb]youtube[\/et_pb_social_media_follow_network][\/et_pb_social_media_follow][\/et_pb_column][\/et_pb_row][\/et_pb_section]<\/p>\n","protected":false},"excerpt":{"rendered":"<p>Pol\u00edtica de venta y devoluciones T\u00c9RMINOS Y CONDICIONES Mediante el presente documento, ZEROVARROA presenta sus pol\u00edticas de uso de sus productos, que deben ser le\u00eddas y observadas por todos y cada uno de los clientes y visitantes.LEA ATENTAMENTE ESTAS POL\u00cdTICAS DE USO ANTES DE USAR ESTE SERVICIO. Al usar el sitio usted acepta estas pol\u00edticas [&hellip;]<\/p>\n","protected":false},"author":1,"featured_media":0,"parent":0,"menu_order":0,"comment_status":"closed","ping_status":"closed","template":"","meta":{"_et_pb_use_builder":"on","_et_pb_old_content":"","_et_gb_content_width":"","footnotes":""},"class_list":["post-840","page","type-page","status-publish","hentry"],"yoast_head":"<!-- This site is optimized with the Yoast SEO plugin v26.1.1 - https:\/\/yoast.com\/wordpress\/plugins\/seo\/ -->\n<title>Pol\u00edtica de venta y devoluciones - ZeroVarroa<\/title>\n<meta name=\"robots\" content=\"noindex, nofollow\" \/>\n<meta property=\"og:locale\" content=\"fr_FR\" \/>\n<meta property=\"og:type\" content=\"article\" \/>\n<meta property=\"og:title\" content=\"Pol\u00edtica de venta y devoluciones - ZeroVarroa\" \/>\n<meta property=\"og:description\" content=\"Pol\u00edtica de venta y devoluciones T\u00c9RMINOS Y CONDICIONES Mediante el presente documento, ZEROVARROA presenta sus pol\u00edticas de uso de sus productos, que deben ser le\u00eddas y observadas por todos y cada uno de los clientes y visitantes.LEA ATENTAMENTE ESTAS POL\u00cdTICAS DE USO ANTES DE USAR ESTE SERVICIO. Al usar el sitio usted acepta estas pol\u00edticas [&hellip;]\" \/>\n<meta property=\"og:url\" content=\"https:\/\/zerovarroa.com\/fr\/politica-de-venta-y-devoluciones\/\" \/>\n<meta property=\"og:site_name\" content=\"ZeroVarroa\" \/>\n<meta property=\"article:modified_time\" content=\"2021-06-02T07:37:50+00:00\" \/>\n<meta name=\"twitter:card\" content=\"summary_large_image\" \/>\n<meta name=\"twitter:label1\" content=\"Dur\u00e9e de lecture estim\u00e9e\" \/>\n\t<meta name=\"twitter:data1\" content=\"5 minutes\" \/>\n<script type=\"application\/ld+json\" class=\"yoast-schema-graph\">{\"@context\":\"https:\/\/schema.org\",\"@graph\":[{\"@type\":\"WebPage\",\"@id\":\"https:\/\/zerovarroa.com\/fr\/politica-de-venta-y-devoluciones\/\",\"url\":\"https:\/\/zerovarroa.com\/fr\/politica-de-venta-y-devoluciones\/\",\"name\":\"Pol\u00edtica de venta y devoluciones - ZeroVarroa\",\"isPartOf\":{\"@id\":\"https:\/\/zerovarroa.com\/fr\/#website\"},\"datePublished\":\"2021-06-02T07:37:41+00:00\",\"dateModified\":\"2021-06-02T07:37:50+00:00\",\"breadcrumb\":{\"@id\":\"https:\/\/zerovarroa.com\/fr\/politica-de-venta-y-devoluciones\/#breadcrumb\"},\"inLanguage\":\"fr-FR\",\"potentialAction\":[{\"@type\":\"ReadAction\",\"target\":[\"https:\/\/zerovarroa.com\/fr\/politica-de-venta-y-devoluciones\/\"]}]},{\"@type\":\"BreadcrumbList\",\"@id\":\"https:\/\/zerovarroa.com\/fr\/politica-de-venta-y-devoluciones\/#breadcrumb\",\"itemListElement\":[{\"@type\":\"ListItem\",\"position\":1,\"name\":\"Portada\",\"item\":\"https:\/\/zerovarroa.com\/fr\/accueil\/\"},{\"@type\":\"ListItem\",\"position\":2,\"name\":\"Pol\u00edtica de venta y devoluciones\"}]},{\"@type\":\"WebSite\",\"@id\":\"https:\/\/zerovarroa.com\/fr\/#website\",\"url\":\"https:\/\/zerovarroa.com\/fr\/\",\"name\":\"ZeroVarroa\",\"description\":\"\",\"potentialAction\":[{\"@type\":\"SearchAction\",\"target\":{\"@type\":\"EntryPoint\",\"urlTemplate\":\"https:\/\/zerovarroa.com\/fr\/?s={search_term_string}\"},\"query-input\":{\"@type\":\"PropertyValueSpecification\",\"valueRequired\":true,\"valueName\":\"search_term_string\"}}],\"inLanguage\":\"fr-FR\"}]}<\/script>\n<!-- \/ Yoast SEO plugin. -->","yoast_head_json":{"title":"Pol\u00edtica de venta y devoluciones - ZeroVarroa","robots":{"index":"noindex","follow":"nofollow"},"og_locale":"fr_FR","og_type":"article","og_title":"Pol\u00edtica de venta y devoluciones - ZeroVarroa","og_description":"Pol\u00edtica de venta y devoluciones T\u00c9RMINOS Y CONDICIONES Mediante el presente documento, ZEROVARROA presenta sus pol\u00edticas de uso de sus productos, que deben ser le\u00eddas y observadas por todos y cada uno de los clientes y visitantes.LEA ATENTAMENTE ESTAS POL\u00cdTICAS DE USO ANTES DE USAR ESTE SERVICIO. Al usar el sitio usted acepta estas pol\u00edticas [&hellip;]","og_url":"https:\/\/zerovarroa.com\/fr\/politica-de-venta-y-devoluciones\/","og_site_name":"ZeroVarroa","article_modified_time":"2021-06-02T07:37:50+00:00","twitter_card":"summary_large_image","twitter_misc":{"Dur\u00e9e de lecture estim\u00e9e":"5 minutes"},"schema":{"@context":"https:\/\/schema.org","@graph":[{"@type":"WebPage","@id":"https:\/\/zerovarroa.com\/fr\/politica-de-venta-y-devoluciones\/","url":"https:\/\/zerovarroa.com\/fr\/politica-de-venta-y-devoluciones\/","name":"Pol\u00edtica de venta y devoluciones - ZeroVarroa","isPartOf":{"@id":"https:\/\/zerovarroa.com\/fr\/#website"},"datePublished":"2021-06-02T07:37:41+00:00","dateModified":"2021-06-02T07:37:50+00:00","breadcrumb":{"@id":"https:\/\/zerovarroa.com\/fr\/politica-de-venta-y-devoluciones\/#breadcrumb"},"inLanguage":"fr-FR","potentialAction":[{"@type":"ReadAction","target":["https:\/\/zerovarroa.com\/fr\/politica-de-venta-y-devoluciones\/"]}]},{"@type":"BreadcrumbList","@id":"https:\/\/zerovarroa.com\/fr\/politica-de-venta-y-devoluciones\/#breadcrumb","itemListElement":[{"@type":"ListItem","position":1,"name":"Portada","item":"https:\/\/zerovarroa.com\/fr\/accueil\/"},{"@type":"ListItem","position":2,"name":"Pol\u00edtica de venta y devoluciones"}]},{"@type":"WebSite","@id":"https:\/\/zerovarroa.com\/fr\/#website","url":"https:\/\/zerovarroa.com\/fr\/","name":"ZeroVarroa","description":"","potentialAction":[{"@type":"SearchAction","target":{"@type":"EntryPoint","urlTemplate":"https:\/\/zerovarroa.com\/fr\/?s={search_term_string}"},"query-input":{"@type":"PropertyValueSpecification","valueRequired":true,"valueName":"search_term_string"}}],"inLanguage":"fr-FR"}]}},"_links":{"self":[{"href":"https:\/\/zerovarroa.com\/fr\/wp-json\/wp\/v2\/pages\/840","targetHints":{"allow":["GET"]}}],"collection":[{"href":"https:\/\/zerovarroa.com\/fr\/wp-json\/wp\/v2\/pages"}],"about":[{"href":"https:\/\/zerovarroa.com\/fr\/wp-json\/wp\/v2\/types\/page"}],"author":[{"embeddable":true,"href":"https:\/\/zerovarroa.com\/fr\/wp-json\/wp\/v2\/users\/1"}],"replies":[{"embeddable":true,"href":"https:\/\/zerovarroa.com\/fr\/wp-json\/wp\/v2\/comments?post=840"}],"version-history":[{"count":0,"href":"https:\/\/zerovarroa.com\/fr\/wp-json\/wp\/v2\/pages\/840\/revisions"}],"wp:attachment":[{"href":"https:\/\/zerovarroa.com\/fr\/wp-json\/wp\/v2\/media?parent=840"}],"curies":[{"name":"wp","href":"https:\/\/api.w.org\/{rel}","templated":true}]}}