{"id":1412,"date":"2024-01-22T09:42:21","date_gmt":"2024-01-22T09:42:21","guid":{"rendered":"https:\/\/zerovarroa.com\/?post_type=product&#038;p=1412"},"modified":"2024-03-07T11:29:22","modified_gmt":"2024-03-07T11:29:22","slug":"le-piege-de-troie-de-la-guepe-velutina","status":"publish","type":"product","link":"https:\/\/zerovarroa.com\/fr\/producto\/le-piege-de-troie-de-la-guepe-velutina\/","title":{"rendered":"Le pi\u00e8ge de Troie de la gu\u00eape Velutina"},"content":{"rendered":"<p>[et_pb_section fb_built=\u00a0\u00bb1&Prime; _builder_version=\u00a0\u00bb4.16&Prime; custom_padding=\u00a0\u00bb0px||||false|false\u00a0\u00bb global_colors_info=\u00a0\u00bb{}\u00a0\u00bb][et_pb_row _builder_version=\u00a0\u00bb4.16&Prime; background_size=\u00a0\u00bbinitial\u00a0\u00bb background_position=\u00a0\u00bbtop_left\u00a0\u00bb background_repeat=\u00a0\u00bbrepeat\u00a0\u00bb width=\u00a0\u00bb100%\u00a0\u00bb custom_padding=\u00a0\u00bb0px||0px||false|false\u00a0\u00bb global_colors_info=\u00a0\u00bb{}\u00a0\u00bb][et_pb_column type=\u00a0\u00bb4_4&Prime; _builder_version=\u00a0\u00bb4.16&Prime; custom_padding=\u00a0\u00bb|||\u00a0\u00bb global_colors_info=\u00a0\u00bb{}\u00a0\u00bb custom_padding__hover=\u00a0\u00bb|||\u00a0\u00bb][et_pb_wc_cart_notice _builder_version=\u00a0\u00bb4.24.0&Prime; background_color=\u00a0\u00bb#5e5e5e\u00a0\u00bb global_colors_info=\u00a0\u00bb{}\u00a0\u00bb][\/et_pb_wc_cart_notice][\/et_pb_column][\/et_pb_row][et_pb_row column_structure=\u00a0\u00bb1_2,1_2&Prime; _builder_version=\u00a0\u00bb4.16&Prime; background_size=\u00a0\u00bbinitial\u00a0\u00bb background_position=\u00a0\u00bbtop_left\u00a0\u00bb background_repeat=\u00a0\u00bbrepeat\u00a0\u00bb width=\u00a0\u00bb100%\u00a0\u00bb custom_padding=\u00a0\u00bb0px||||false|false\u00a0\u00bb global_colors_info=\u00a0\u00bb{}\u00a0\u00bb][et_pb_column type=\u00a0\u00bb1_2&Prime; _builder_version=\u00a0\u00bb4.16&Prime; custom_padding=\u00a0\u00bb|||\u00a0\u00bb global_colors_info=\u00a0\u00bb{}\u00a0\u00bb custom_padding__hover=\u00a0\u00bb|||\u00a0\u00bb][et_pb_wc_images _builder_version=\u00a0\u00bb4.16&Prime; global_colors_info=\u00a0\u00bb{}\u00a0\u00bb][\/et_pb_wc_images][\/et_pb_column][et_pb_column type=\u00a0\u00bb1_2&Prime; _builder_version=\u00a0\u00bb4.16&Prime; custom_padding=\u00a0\u00bb|||30px|false|false\u00a0\u00bb global_colors_info=\u00a0\u00bb{}\u00a0\u00bb custom_padding__hover=\u00a0\u00bb|||\u00a0\u00bb][et_pb_wc_title _builder_version=\u00a0\u00bb4.24.0&Prime; global_colors_info=\u00a0\u00bb{}\u00a0\u00bb][\/et_pb_wc_title][et_pb_wc_price product=\u00a0\u00bb1410&Prime; _builder_version=\u00a0\u00bb4.24.0&Prime; _module_preset=\u00a0\u00bbdefault\u00a0\u00bb body_text_color=\u00a0\u00bb#d97804&Prime; global_colors_info=\u00a0\u00bb{}\u00a0\u00bb][\/et_pb_wc_price][et_pb_text _builder_version=\u00a0\u00bb4.24.0&Prime; _module_preset=\u00a0\u00bbdefault\u00a0\u00bb global_colors_info=\u00a0\u00bb{}\u00a0\u00bb]<\/p>\n<p>PRIX SANS TVA. LIVRAISON NON INCLUSE<\/p>\n<p>[\/et_pb_text][et_pb_accordion _builder_version=\u00a0\u00bb4.24.0&Prime; _module_preset=\u00a0\u00bbdefault\u00a0\u00bb global_colors_info=\u00a0\u00bb{}\u00a0\u00bb][et_pb_accordion_item title=\u00a0\u00bbDescription\u00a0\u00bb open=\u00a0\u00bbon\u00a0\u00bb _builder_version=\u00a0\u00bb4.24.0&Prime; _module_preset=\u00a0\u00bbdefault\u00a0\u00bb global_colors_info=\u00a0\u00bb{}\u00a0\u00bb]<\/p>\n<p>\u00c9limine efficacement les nids. Les gu\u00eapes transportent l\u2019insecticide jusqu\u2019\u00e0 leur nid sans mourir, provoquant ainsi son extinction progressive.<\/p>\n<p>[\/et_pb_accordion_item][et_pb_accordion_item title=\u00a0\u00bbCaract\u00e9ristiques\u00a0\u00bb _builder_version=\u00a0\u00bb4.24.0&Prime; _module_preset=\u00a0\u00bbdefault\u00a0\u00bb global_colors_info=\u00a0\u00bb{}\u00a0\u00bb open=\u00a0\u00bboff\u00a0\u00bb]<\/p>\n<ul>\n<li>\u00c9limine les nids de gu\u00eapes v\u00e9lutines.<\/li>\n<li>Cr\u00e9e des chevaux de Troie sans effort.<\/li>\n<\/ul>\n<p>[\/et_pb_accordion_item][\/et_pb_accordion][et_pb_wc_description product=\u00a0\u00bb1412&Prime; description_type=\u00a0\u00bbdescription\u00a0\u00bb _builder_version=\u00a0\u00bb4.24.0&Prime; global_colors_info=\u00a0\u00bb{}\u00a0\u00bb][\/et_pb_wc_description][et_pb_wc_add_to_cart _builder_version=\u00a0\u00bb4.16&Prime; global_colors_info=\u00a0\u00bb{}\u00a0\u00bb][\/et_pb_wc_add_to_cart][\/et_pb_column][\/et_pb_row][\/et_pb_section]<\/p>\n","protected":false},"excerpt":{"rendered":"<p>\u00c9limine efficacement les nids. Les gu\u00eapes transportent l\u2019insecticide jusqu\u2019\u00e0 leur nid sans mourir, provoquant ainsi son extinction progressive.<\/p>\n","protected":false},"featured_media":1360,"template":"","meta":{"_et_pb_use_builder":"on","_et_pb_old_content":"<h2 class=\"text-h3 text-black font-weight-bold pb-10 text-center\" data-v-9731c4e5=\"\">Prot\u00e9gez vos abeilles<\/h2>\r\n<p class=\"text-h5 text-center px-10\" data-v-9731c4e5=\"\">\u00c9liminez les gu\u00eapes asiatiques de votre environnement gr\u00e2ce au pi\u00e8ge le plus efficace et le plus respectueux de l'environnement. Il attire, capture et tue uniquement cette esp\u00e8ce envahissante, sans nuire aux abeilles.<\/p>\r\nPRIX DE LIVRAISON\r\n\r\n1 pi\u00e8ge 14\u20ac\r\n\r\n2-3 Pi\u00e8ges 20\u20ac\r\n\r\n4-5-6 Pi\u00e8ges 28\u20ac\r\n\r\n7 pi\u00e8ges ou plus 32 \u20ac","_et_gb_content_width":""},"product_brand":[],"product_cat":[34],"product_tag":[],"class_list":{"0":"post-1412","1":"product","2":"type-product","3":"status-publish","4":"has-post-thumbnail","6":"product_cat-sin-categorizar-fr","8":"first","9":"instock","10":"taxable","11":"shipping-taxable","12":"purchasable","13":"product-type-simple"},"yoast_head":"<!-- This site is optimized with the Yoast SEO plugin v26.1.1 - https:\/\/yoast.com\/wordpress\/plugins\/seo\/ -->\n<title>Le pi\u00e8ge de Troie de la gu\u00eape Velutina - ZeroVarroa<\/title>\n<meta name=\"description\" content=\"\u00c9limine efficacement les nids. Les gu\u00eapes transportent l\u2019insecticide jusqu\u2019\u00e0 leur nid sans mourir, provoquant ainsi son extinction progressive. Contr\u00f4le sans effort des gu\u00eapes asiatiques Notre pi\u00e8ge utilise un attractif qui attire uniquement les gu\u00eapes, leur permettant de transporter automatiquement une petite dose d&#039;insecticide dans leur nid lorsqu&#039;elles partent, sans avoir besoin d&#039;intervention.\" \/>\n<meta name=\"robots\" content=\"index, follow, max-snippet:-1, max-image-preview:large, max-video-preview:-1\" \/>\n<link rel=\"canonical\" href=\"https:\/\/zerovarroa.com\/fr\/producto\/le-piege-de-troie-de-la-guepe-velutina\/\" \/>\n<meta property=\"og:locale\" content=\"fr_FR\" \/>\n<meta property=\"og:type\" content=\"article\" \/>\n<meta property=\"og:title\" content=\"Le pi\u00e8ge de Troie de la gu\u00eape Velutina - ZeroVarroa\" \/>\n<meta property=\"og:description\" content=\"\u00c9limine efficacement les nids. Les gu\u00eapes transportent l\u2019insecticide jusqu\u2019\u00e0 leur nid sans mourir, provoquant ainsi son extinction progressive. Contr\u00f4le sans effort des gu\u00eapes asiatiques Notre pi\u00e8ge utilise un attractif qui attire uniquement les gu\u00eapes, leur permettant de transporter automatiquement une petite dose d&#039;insecticide dans leur nid lorsqu&#039;elles partent, sans avoir besoin d&#039;intervention.\" \/>\n<meta property=\"og:url\" content=\"https:\/\/zerovarroa.com\/fr\/producto\/le-piege-de-troie-de-la-guepe-velutina\/\" \/>\n<meta property=\"og:site_name\" content=\"ZeroVarroa\" \/>\n<meta property=\"article:modified_time\" content=\"2024-03-07T11:29:22+00:00\" \/>\n<meta property=\"og:image\" content=\"https:\/\/zerovarroa.com\/wp-content\/uploads\/2023\/10\/trampa-troyano-zero-velutina.png\" \/>\n\t<meta property=\"og:image:width\" content=\"800\" \/>\n\t<meta property=\"og:image:height\" content=\"591\" \/>\n\t<meta property=\"og:image:type\" content=\"image\/png\" \/>\n<meta name=\"twitter:card\" content=\"summary_large_image\" \/>\n<meta name=\"twitter:label1\" content=\"Dur\u00e9e de lecture estim\u00e9e\" \/>\n\t<meta name=\"twitter:data1\" content=\"1 minute\" \/>\n<script type=\"application\/ld+json\" class=\"yoast-schema-graph\">{\"@context\":\"https:\/\/schema.org\",\"@graph\":[{\"@type\":\"WebPage\",\"@id\":\"https:\/\/zerovarroa.com\/fr\/producto\/le-piege-de-troie-de-la-guepe-velutina\/\",\"url\":\"https:\/\/zerovarroa.com\/fr\/producto\/le-piege-de-troie-de-la-guepe-velutina\/\",\"name\":\"Le pi\u00e8ge de Troie de la gu\u00eape Velutina - ZeroVarroa\",\"isPartOf\":{\"@id\":\"https:\/\/zerovarroa.com\/fr\/#website\"},\"primaryImageOfPage\":{\"@id\":\"https:\/\/zerovarroa.com\/fr\/producto\/le-piege-de-troie-de-la-guepe-velutina\/#primaryimage\"},\"image\":{\"@id\":\"https:\/\/zerovarroa.com\/fr\/producto\/le-piege-de-troie-de-la-guepe-velutina\/#primaryimage\"},\"thumbnailUrl\":\"https:\/\/zerovarroa.com\/wp-content\/uploads\/2023\/10\/trampa-troyano-zero-velutina.png\",\"datePublished\":\"2024-01-22T09:42:21+00:00\",\"dateModified\":\"2024-03-07T11:29:22+00:00\",\"description\":\"\u00c9limine efficacement les nids. Les gu\u00eapes transportent l\u2019insecticide jusqu\u2019\u00e0 leur nid sans mourir, provoquant ainsi son extinction progressive. Contr\u00f4le sans effort des gu\u00eapes asiatiques Notre pi\u00e8ge utilise un attractif qui attire uniquement les gu\u00eapes, leur permettant de transporter automatiquement une petite dose d'insecticide dans leur nid lorsqu'elles partent, sans avoir besoin d'intervention.\",\"breadcrumb\":{\"@id\":\"https:\/\/zerovarroa.com\/fr\/producto\/le-piege-de-troie-de-la-guepe-velutina\/#breadcrumb\"},\"inLanguage\":\"fr-FR\",\"potentialAction\":[{\"@type\":\"ReadAction\",\"target\":[\"https:\/\/zerovarroa.com\/fr\/producto\/le-piege-de-troie-de-la-guepe-velutina\/\"]}]},{\"@type\":\"ImageObject\",\"inLanguage\":\"fr-FR\",\"@id\":\"https:\/\/zerovarroa.com\/fr\/producto\/le-piege-de-troie-de-la-guepe-velutina\/#primaryimage\",\"url\":\"https:\/\/zerovarroa.com\/wp-content\/uploads\/2023\/10\/trampa-troyano-zero-velutina.png\",\"contentUrl\":\"https:\/\/zerovarroa.com\/wp-content\/uploads\/2023\/10\/trampa-troyano-zero-velutina.png\",\"width\":800,\"height\":591,\"caption\":\"trampa troyano zero velutina\"},{\"@type\":\"BreadcrumbList\",\"@id\":\"https:\/\/zerovarroa.com\/fr\/producto\/le-piege-de-troie-de-la-guepe-velutina\/#breadcrumb\",\"itemListElement\":[{\"@type\":\"ListItem\",\"position\":1,\"name\":\"Portada\",\"item\":\"https:\/\/zerovarroa.com\/fr\/accueil\/\"},{\"@type\":\"ListItem\",\"position\":2,\"name\":\"Boutique\",\"item\":\"https:\/\/zerovarroa.com\/fr\/boutique\/\"},{\"@type\":\"ListItem\",\"position\":3,\"name\":\"Le pi\u00e8ge de Troie de la gu\u00eape Velutina\"}]},{\"@type\":\"WebSite\",\"@id\":\"https:\/\/zerovarroa.com\/fr\/#website\",\"url\":\"https:\/\/zerovarroa.com\/fr\/\",\"name\":\"ZeroVarroa\",\"description\":\"\",\"potentialAction\":[{\"@type\":\"SearchAction\",\"target\":{\"@type\":\"EntryPoint\",\"urlTemplate\":\"https:\/\/zerovarroa.com\/fr\/?s={search_term_string}\"},\"query-input\":{\"@type\":\"PropertyValueSpecification\",\"valueRequired\":true,\"valueName\":\"search_term_string\"}}],\"inLanguage\":\"fr-FR\"}]}<\/script>\n<!-- \/ Yoast SEO plugin. -->","yoast_head_json":{"title":"Le pi\u00e8ge de Troie de la gu\u00eape Velutina - ZeroVarroa","description":"\u00c9limine efficacement les nids. Les gu\u00eapes transportent l\u2019insecticide jusqu\u2019\u00e0 leur nid sans mourir, provoquant ainsi son extinction progressive. Contr\u00f4le sans effort des gu\u00eapes asiatiques Notre pi\u00e8ge utilise un attractif qui attire uniquement les gu\u00eapes, leur permettant de transporter automatiquement une petite dose d'insecticide dans leur nid lorsqu'elles partent, sans avoir besoin d'intervention.","robots":{"index":"index","follow":"follow","max-snippet":"max-snippet:-1","max-image-preview":"max-image-preview:large","max-video-preview":"max-video-preview:-1"},"canonical":"https:\/\/zerovarroa.com\/fr\/producto\/le-piege-de-troie-de-la-guepe-velutina\/","og_locale":"fr_FR","og_type":"article","og_title":"Le pi\u00e8ge de Troie de la gu\u00eape Velutina - ZeroVarroa","og_description":"\u00c9limine efficacement les nids. Les gu\u00eapes transportent l\u2019insecticide jusqu\u2019\u00e0 leur nid sans mourir, provoquant ainsi son extinction progressive. Contr\u00f4le sans effort des gu\u00eapes asiatiques Notre pi\u00e8ge utilise un attractif qui attire uniquement les gu\u00eapes, leur permettant de transporter automatiquement une petite dose d'insecticide dans leur nid lorsqu'elles partent, sans avoir besoin d'intervention.","og_url":"https:\/\/zerovarroa.com\/fr\/producto\/le-piege-de-troie-de-la-guepe-velutina\/","og_site_name":"ZeroVarroa","article_modified_time":"2024-03-07T11:29:22+00:00","og_image":[{"width":800,"height":591,"url":"https:\/\/zerovarroa.com\/wp-content\/uploads\/2023\/10\/trampa-troyano-zero-velutina.png","type":"image\/png"}],"twitter_card":"summary_large_image","twitter_misc":{"Dur\u00e9e de lecture estim\u00e9e":"1 minute"},"schema":{"@context":"https:\/\/schema.org","@graph":[{"@type":"WebPage","@id":"https:\/\/zerovarroa.com\/fr\/producto\/le-piege-de-troie-de-la-guepe-velutina\/","url":"https:\/\/zerovarroa.com\/fr\/producto\/le-piege-de-troie-de-la-guepe-velutina\/","name":"Le pi\u00e8ge de Troie de la gu\u00eape Velutina - ZeroVarroa","isPartOf":{"@id":"https:\/\/zerovarroa.com\/fr\/#website"},"primaryImageOfPage":{"@id":"https:\/\/zerovarroa.com\/fr\/producto\/le-piege-de-troie-de-la-guepe-velutina\/#primaryimage"},"image":{"@id":"https:\/\/zerovarroa.com\/fr\/producto\/le-piege-de-troie-de-la-guepe-velutina\/#primaryimage"},"thumbnailUrl":"https:\/\/zerovarroa.com\/wp-content\/uploads\/2023\/10\/trampa-troyano-zero-velutina.png","datePublished":"2024-01-22T09:42:21+00:00","dateModified":"2024-03-07T11:29:22+00:00","description":"\u00c9limine efficacement les nids. Les gu\u00eapes transportent l\u2019insecticide jusqu\u2019\u00e0 leur nid sans mourir, provoquant ainsi son extinction progressive. Contr\u00f4le sans effort des gu\u00eapes asiatiques Notre pi\u00e8ge utilise un attractif qui attire uniquement les gu\u00eapes, leur permettant de transporter automatiquement une petite dose d'insecticide dans leur nid lorsqu'elles partent, sans avoir besoin d'intervention.","breadcrumb":{"@id":"https:\/\/zerovarroa.com\/fr\/producto\/le-piege-de-troie-de-la-guepe-velutina\/#breadcrumb"},"inLanguage":"fr-FR","potentialAction":[{"@type":"ReadAction","target":["https:\/\/zerovarroa.com\/fr\/producto\/le-piege-de-troie-de-la-guepe-velutina\/"]}]},{"@type":"ImageObject","inLanguage":"fr-FR","@id":"https:\/\/zerovarroa.com\/fr\/producto\/le-piege-de-troie-de-la-guepe-velutina\/#primaryimage","url":"https:\/\/zerovarroa.com\/wp-content\/uploads\/2023\/10\/trampa-troyano-zero-velutina.png","contentUrl":"https:\/\/zerovarroa.com\/wp-content\/uploads\/2023\/10\/trampa-troyano-zero-velutina.png","width":800,"height":591,"caption":"trampa troyano zero velutina"},{"@type":"BreadcrumbList","@id":"https:\/\/zerovarroa.com\/fr\/producto\/le-piege-de-troie-de-la-guepe-velutina\/#breadcrumb","itemListElement":[{"@type":"ListItem","position":1,"name":"Portada","item":"https:\/\/zerovarroa.com\/fr\/accueil\/"},{"@type":"ListItem","position":2,"name":"Boutique","item":"https:\/\/zerovarroa.com\/fr\/boutique\/"},{"@type":"ListItem","position":3,"name":"Le pi\u00e8ge de Troie de la gu\u00eape Velutina"}]},{"@type":"WebSite","@id":"https:\/\/zerovarroa.com\/fr\/#website","url":"https:\/\/zerovarroa.com\/fr\/","name":"ZeroVarroa","description":"","potentialAction":[{"@type":"SearchAction","target":{"@type":"EntryPoint","urlTemplate":"https:\/\/zerovarroa.com\/fr\/?s={search_term_string}"},"query-input":{"@type":"PropertyValueSpecification","valueRequired":true,"valueName":"search_term_string"}}],"inLanguage":"fr-FR"}]}},"tiered_pricing_type":"fixed","tiered_pricing_fixed_rules":{"5":28.1,"11":27.27},"tiered_pricing_product_settings":{"layout":"default","base_unit_name":{"singular":null,"plural":null},"default_variation":null},"tiered_pricing_minimum_quantity":null,"tiered_pricing_roles_data":[],"tiered_pricing_percentage_rules":[],"_links":{"self":[{"href":"https:\/\/zerovarroa.com\/fr\/wp-json\/wp\/v2\/product\/1412","targetHints":{"allow":["GET"]}}],"collection":[{"href":"https:\/\/zerovarroa.com\/fr\/wp-json\/wp\/v2\/product"}],"about":[{"href":"https:\/\/zerovarroa.com\/fr\/wp-json\/wp\/v2\/types\/product"}],"wp:featuredmedia":[{"embeddable":true,"href":"https:\/\/zerovarroa.com\/fr\/wp-json\/wp\/v2\/media\/1360"}],"wp:attachment":[{"href":"https:\/\/zerovarroa.com\/fr\/wp-json\/wp\/v2\/media?parent=1412"}],"wp:term":[{"taxonomy":"product_brand","embeddable":true,"href":"https:\/\/zerovarroa.com\/fr\/wp-json\/wp\/v2\/product_brand?post=1412"},{"taxonomy":"product_cat","embeddable":true,"href":"https:\/\/zerovarroa.com\/fr\/wp-json\/wp\/v2\/product_cat?post=1412"},{"taxonomy":"product_tag","embeddable":true,"href":"https:\/\/zerovarroa.com\/fr\/wp-json\/wp\/v2\/product_tag?post=1412"}],"curies":[{"name":"wp","href":"https:\/\/api.w.org\/{rel}","templated":true}]}}