{"id":723,"date":"2021-04-19T07:51:02","date_gmt":"2021-05-26T09:32:23","guid":{"rendered":"https:\/\/zerovarroa.com\/index.php\/producto\/entree-anti-varroa\/"},"modified":"2024-02-05T09:40:17","modified_gmt":"2024-02-05T09:40:17","slug":"entree-anti-varroa","status":"publish","type":"product","link":"https:\/\/zerovarroa.com\/fr\/producto\/entree-anti-varroa\/","title":{"rendered":"Entr\u00e9e anti-varroa"},"content":{"rendered":"<p>[et_pb_section fb_built=\u00a0\u00bb1&Prime; _builder_version=\u00a0\u00bb3.22&Prime; custom_padding=\u00a0\u00bb0px||||false|false\u00a0\u00bb][et_pb_row _builder_version=\u00a0\u00bb3.25&Prime; background_size=\u00a0\u00bbinitial\u00a0\u00bb background_position=\u00a0\u00bbtop_left\u00a0\u00bb background_repeat=\u00a0\u00bbrepeat\u00a0\u00bb width=\u00a0\u00bb100%\u00a0\u00bb custom_padding=\u00a0\u00bb0px||0px||false|false\u00a0\u00bb][et_pb_column type=\u00a0\u00bb4_4&Prime; _builder_version=\u00a0\u00bb3.25&Prime; custom_padding=\u00a0\u00bb|||\u00a0\u00bb custom_padding__hover=\u00a0\u00bb|||\u00a0\u00bb][et_pb_wc_cart_notice _builder_version=\u00a0\u00bb4.9.4&Prime; hover_enabled=\u00a0\u00bb0&Prime; background_color=\u00a0\u00bb#5e5e5e\u00a0\u00bb sticky_enabled=\u00a0\u00bb0&Prime;][\/et_pb_wc_cart_notice][\/et_pb_column][\/et_pb_row][et_pb_row column_structure=\u00a0\u00bb1_2,1_2&Prime; _builder_version=\u00a0\u00bb3.25&Prime; background_size=\u00a0\u00bbinitial\u00a0\u00bb background_position=\u00a0\u00bbtop_left\u00a0\u00bb background_repeat=\u00a0\u00bbrepeat\u00a0\u00bb width=\u00a0\u00bb100%\u00a0\u00bb custom_padding=\u00a0\u00bb0px||||false|false\u00a0\u00bb][et_pb_column type=\u00a0\u00bb1_2&Prime; _builder_version=\u00a0\u00bb3.25&Prime; custom_padding=\u00a0\u00bb|||\u00a0\u00bb custom_padding__hover=\u00a0\u00bb|||\u00a0\u00bb][et_pb_wc_images _builder_version=\u00a0\u00bb3.0.47&Prime;][\/et_pb_wc_images][\/et_pb_column][et_pb_column type=\u00a0\u00bb1_2&Prime; _builder_version=\u00a0\u00bb3.25&Prime; custom_padding=\u00a0\u00bb|||\u00a0\u00bb custom_padding__hover=\u00a0\u00bb|||\u00a0\u00bb][et_pb_wc_title _builder_version=\u00a0\u00bb3.0.47&Prime;][\/et_pb_wc_title][et_pb_wc_price _builder_version=\u00a0\u00bb4.9.4&Prime; _module_preset=\u00a0\u00bbdefault\u00a0\u00bb product=\u00a0\u00bb249&Prime; hover_enabled=\u00a0\u00bb0&Prime; sticky_enabled=\u00a0\u00bb0&Prime; body_text_color=\u00a0\u00bb#d97804&Prime;][\/et_pb_wc_price][et_pb_text _builder_version=\u00a0\u00bb4.9.4&Prime; _module_preset=\u00a0\u00bbdefault\u00a0\u00bb]<\/p>\n<p>Hors TVA Exp\u00e9dition non inclus<\/p>\n<p>[\/et_pb_text][et_pb_accordion _builder_version=\u00a0\u00bb4.9.4&Prime; _module_preset=\u00a0\u00bbdefault\u00a0\u00bb][et_pb_accordion_item title=\u00a0\u00bbDescription\u00a0\u00bb open=\u00a0\u00bbon\u00a0\u00bb _builder_version=\u00a0\u00bb4.9.4&Prime; _module_preset=\u00a0\u00bbdefault\u00a0\u00bb]<\/p>\n<p>Entr\u00e9e pour ruche \u00e9labor\u00e9e avec du plastique alimentaire r\u00e9sistant aux rayons UV capable d\u2019\u00e9liminer le varroa qui paralyse aux abeilles. Contient une brosse dans son int\u00e9rieur qui retire le varroa sur le thorax de l\u2019abeille \u00e1 chaque fois que celle-ci entre ou sort de la ruche. Cette entr\u00e9e est compatible avec tous les mod\u00e8les existants de ruches.<\/p>\n<p>[\/et_pb_accordion_item][et_pb_accordion_item title=\u00a0\u00bbCaract\u00e9ristiques\u00a0\u00bb _builder_version=\u00a0\u00bb4.9.4&Prime; _module_preset=\u00a0\u00bbdefault\u00a0\u00bb open=\u00a0\u00bboff\u00a0\u00bb]<\/p>\n<ul>\n<li>\u00c9limine le varroa phor\u00e9tique.<\/li>\n<li>Nous aide \u00e0 conna\u00eetre l\u2019\u00e9tat r\u00e9el d\u2019infestation de notre ruche.<\/li>\n<li>\u00c9vite les r\u00e9infestations provoqu\u00e9es par le pillage et la mobilit\u00e9 des bourdons.<\/li>\n<li>S\u2019adapte \u00e0 tous les mod\u00e8les de ruches et est compatible avec la transhumance.<\/li>\n<li>Pourvue d\u2019entr\u00e9e r\u00e9duite anti-pillage.<\/li>\n<li>Compatible avec l\u2019apiculture biologique.<\/li>\n<li>Robuste et durable. Supporte les intemp\u00e9ries. Apte pour supporter les intemp\u00e9ries<\/li>\n<\/ul>\n<p>[\/et_pb_accordion_item][\/et_pb_accordion][et_pb_wc_description _builder_version=\u00a0\u00bb3.0.47&Prime;][\/et_pb_wc_description][et_pb_wc_add_to_cart _builder_version=\u00a0\u00bb3.0.47&Prime;][\/et_pb_wc_add_to_cart][\/et_pb_column][\/et_pb_row][\/et_pb_section]<\/p>\n","protected":false},"excerpt":{"rendered":"<p>Hors TVA Exp\u00e9dition non inclusEntr\u00e9e pour ruche \u00e9labor\u00e9e avec du plastique alimentaire r\u00e9sistant aux rayons UV capable d\u2019\u00e9liminer le varroa qui paralyse aux abeilles. Contient une brosse dans son int\u00e9rieur qui retire le varroa sur le thorax de l\u2019abeille \u00e1 chaque fois que celle-ci entre ou sort de la ruche. Cette entr\u00e9e est compatible avec [&hellip;]<\/p>\n","protected":false},"featured_media":651,"template":"","meta":{"_et_pb_use_builder":"on","_et_pb_old_content":"Entr\u00e9e pour ruche \u00e9labor\u00e9e avec du plastique alimentaire r\u00e9sistant aux rayons UV capable d\u2019\u00e9liminer le varroa qui paralyse aux abeilles. Contient une brosse dans son int\u00e9rieur qui retire le varroa sur le thorax de l\u2019abeille \u00e1 chaque fois que celle-ci entre ou sort de la ruche. Cette entr\u00e9e est compatible avec tous les mod\u00e8les existants de ruches.\n\nCaract\u00e9ristiques:\n<ul>\n \t<li>\u00c9limine le varroa phor\u00e9tique.<\/li>\n \t<li>Nous aide \u00e0 conna\u00eetre l\u2019\u00e9tat r\u00e9el d\u2019infestation de notre ruche.<\/li>\n \t<li>\u00c9vite les r\u00e9infestations provoqu\u00e9es par le pillage et la mobilit\u00e9 des bourdons.<\/li>\n \t<li>S\u2019adapte \u00e0 tous les mod\u00e8les de ruches et est compatible avec la transhumance.<\/li>\n \t<li>Pourvue d\u2019entr\u00e9e r\u00e9duite anti-pillage.<\/li>\n \t<li>Compatible avec l\u2019apiculture biologique.<\/li>\n \t<li>Robuste et durable. Supporte les intemp\u00e9ries. Apto para soportar las inclemencias de tiempo.<\/li>\n<\/ul>\nPrix:\n1 a 10 unidades 18 \u20ac m\u00e1s IVA\n11 a 50 unidades 17 \u20ac m\u00e1s IVA\n51 a 200 unidades 16 \u20ac m\u00e1s IVA\nM\u00e1s de 200 unidades 15 \u20ac m\u00e1s IVA.\nHors TVA et frais de port","_et_gb_content_width":""},"product_brand":[],"product_cat":[34],"product_tag":[],"class_list":{"0":"post-723","1":"product","2":"type-product","3":"status-publish","4":"has-post-thumbnail","6":"product_cat-sin-categorizar-fr","8":"first","9":"instock","10":"taxable","11":"shipping-taxable","12":"purchasable","13":"product-type-simple"},"yoast_head":"<!-- This site is optimized with the Yoast SEO plugin v26.1.1 - https:\/\/yoast.com\/wordpress\/plugins\/seo\/ -->\n<title>Entr\u00e9e anti-varroa - ZeroVarroa<\/title>\n<meta name=\"robots\" content=\"index, follow, max-snippet:-1, max-image-preview:large, max-video-preview:-1\" \/>\n<link rel=\"canonical\" href=\"https:\/\/zerovarroa.com\/fr\/producto\/entree-anti-varroa\/\" \/>\n<meta property=\"og:locale\" content=\"fr_FR\" \/>\n<meta property=\"og:type\" content=\"article\" \/>\n<meta property=\"og:title\" content=\"Entr\u00e9e anti-varroa - ZeroVarroa\" \/>\n<meta property=\"og:description\" content=\"Hors TVA Exp\u00e9dition non inclusEntr\u00e9e pour ruche \u00e9labor\u00e9e avec du plastique alimentaire r\u00e9sistant aux rayons UV capable d\u2019\u00e9liminer le varroa qui paralyse aux abeilles. Contient une brosse dans son int\u00e9rieur qui retire le varroa sur le thorax de l\u2019abeille \u00e1 chaque fois que celle-ci entre ou sort de la ruche. Cette entr\u00e9e est compatible avec [&hellip;]\" \/>\n<meta property=\"og:url\" content=\"https:\/\/zerovarroa.com\/fr\/producto\/entree-anti-varroa\/\" \/>\n<meta property=\"og:site_name\" content=\"ZeroVarroa\" \/>\n<meta property=\"article:modified_time\" content=\"2024-02-05T09:40:17+00:00\" \/>\n<meta property=\"og:image\" content=\"https:\/\/zerovarroa.com\/wp-content\/uploads\/2021\/04\/kit-piquera-antivarroa.jpg\" \/>\n\t<meta property=\"og:image:width\" content=\"800\" \/>\n\t<meta property=\"og:image:height\" content=\"546\" \/>\n\t<meta property=\"og:image:type\" content=\"image\/jpeg\" \/>\n<meta name=\"twitter:card\" content=\"summary_large_image\" \/>\n<meta name=\"twitter:label1\" content=\"Dur\u00e9e de lecture estim\u00e9e\" \/>\n\t<meta name=\"twitter:data1\" content=\"2 minutes\" \/>\n<script type=\"application\/ld+json\" class=\"yoast-schema-graph\">{\"@context\":\"https:\/\/schema.org\",\"@graph\":[{\"@type\":\"WebPage\",\"@id\":\"https:\/\/zerovarroa.com\/fr\/producto\/entree-anti-varroa\/\",\"url\":\"https:\/\/zerovarroa.com\/fr\/producto\/entree-anti-varroa\/\",\"name\":\"Entr\u00e9e anti-varroa - ZeroVarroa\",\"isPartOf\":{\"@id\":\"https:\/\/zerovarroa.com\/fr\/#website\"},\"primaryImageOfPage\":{\"@id\":\"https:\/\/zerovarroa.com\/fr\/producto\/entree-anti-varroa\/#primaryimage\"},\"image\":{\"@id\":\"https:\/\/zerovarroa.com\/fr\/producto\/entree-anti-varroa\/#primaryimage\"},\"thumbnailUrl\":\"https:\/\/zerovarroa.com\/wp-content\/uploads\/2021\/04\/kit-piquera-antivarroa.jpg\",\"datePublished\":\"2021-05-26T09:32:23+00:00\",\"dateModified\":\"2024-02-05T09:40:17+00:00\",\"breadcrumb\":{\"@id\":\"https:\/\/zerovarroa.com\/fr\/producto\/entree-anti-varroa\/#breadcrumb\"},\"inLanguage\":\"fr-FR\",\"potentialAction\":[{\"@type\":\"ReadAction\",\"target\":[\"https:\/\/zerovarroa.com\/fr\/producto\/entree-anti-varroa\/\"]}]},{\"@type\":\"ImageObject\",\"inLanguage\":\"fr-FR\",\"@id\":\"https:\/\/zerovarroa.com\/fr\/producto\/entree-anti-varroa\/#primaryimage\",\"url\":\"https:\/\/zerovarroa.com\/wp-content\/uploads\/2021\/04\/kit-piquera-antivarroa.jpg\",\"contentUrl\":\"https:\/\/zerovarroa.com\/wp-content\/uploads\/2021\/04\/kit-piquera-antivarroa.jpg\",\"width\":800,\"height\":546,\"caption\":\"Piquera anti varroa\"},{\"@type\":\"BreadcrumbList\",\"@id\":\"https:\/\/zerovarroa.com\/fr\/producto\/entree-anti-varroa\/#breadcrumb\",\"itemListElement\":[{\"@type\":\"ListItem\",\"position\":1,\"name\":\"Portada\",\"item\":\"https:\/\/zerovarroa.com\/fr\/accueil\/\"},{\"@type\":\"ListItem\",\"position\":2,\"name\":\"Boutique\",\"item\":\"https:\/\/zerovarroa.com\/fr\/boutique\/\"},{\"@type\":\"ListItem\",\"position\":3,\"name\":\"Entr\u00e9e anti-varroa\"}]},{\"@type\":\"WebSite\",\"@id\":\"https:\/\/zerovarroa.com\/fr\/#website\",\"url\":\"https:\/\/zerovarroa.com\/fr\/\",\"name\":\"ZeroVarroa\",\"description\":\"\",\"potentialAction\":[{\"@type\":\"SearchAction\",\"target\":{\"@type\":\"EntryPoint\",\"urlTemplate\":\"https:\/\/zerovarroa.com\/fr\/?s={search_term_string}\"},\"query-input\":{\"@type\":\"PropertyValueSpecification\",\"valueRequired\":true,\"valueName\":\"search_term_string\"}}],\"inLanguage\":\"fr-FR\"}]}<\/script>\n<!-- \/ Yoast SEO plugin. -->","yoast_head_json":{"title":"Entr\u00e9e anti-varroa - ZeroVarroa","robots":{"index":"index","follow":"follow","max-snippet":"max-snippet:-1","max-image-preview":"max-image-preview:large","max-video-preview":"max-video-preview:-1"},"canonical":"https:\/\/zerovarroa.com\/fr\/producto\/entree-anti-varroa\/","og_locale":"fr_FR","og_type":"article","og_title":"Entr\u00e9e anti-varroa - ZeroVarroa","og_description":"Hors TVA Exp\u00e9dition non inclusEntr\u00e9e pour ruche \u00e9labor\u00e9e avec du plastique alimentaire r\u00e9sistant aux rayons UV capable d\u2019\u00e9liminer le varroa qui paralyse aux abeilles. Contient une brosse dans son int\u00e9rieur qui retire le varroa sur le thorax de l\u2019abeille \u00e1 chaque fois que celle-ci entre ou sort de la ruche. Cette entr\u00e9e est compatible avec [&hellip;]","og_url":"https:\/\/zerovarroa.com\/fr\/producto\/entree-anti-varroa\/","og_site_name":"ZeroVarroa","article_modified_time":"2024-02-05T09:40:17+00:00","og_image":[{"width":800,"height":546,"url":"https:\/\/zerovarroa.com\/wp-content\/uploads\/2021\/04\/kit-piquera-antivarroa.jpg","type":"image\/jpeg"}],"twitter_card":"summary_large_image","twitter_misc":{"Dur\u00e9e de lecture estim\u00e9e":"2 minutes"},"schema":{"@context":"https:\/\/schema.org","@graph":[{"@type":"WebPage","@id":"https:\/\/zerovarroa.com\/fr\/producto\/entree-anti-varroa\/","url":"https:\/\/zerovarroa.com\/fr\/producto\/entree-anti-varroa\/","name":"Entr\u00e9e anti-varroa - ZeroVarroa","isPartOf":{"@id":"https:\/\/zerovarroa.com\/fr\/#website"},"primaryImageOfPage":{"@id":"https:\/\/zerovarroa.com\/fr\/producto\/entree-anti-varroa\/#primaryimage"},"image":{"@id":"https:\/\/zerovarroa.com\/fr\/producto\/entree-anti-varroa\/#primaryimage"},"thumbnailUrl":"https:\/\/zerovarroa.com\/wp-content\/uploads\/2021\/04\/kit-piquera-antivarroa.jpg","datePublished":"2021-05-26T09:32:23+00:00","dateModified":"2024-02-05T09:40:17+00:00","breadcrumb":{"@id":"https:\/\/zerovarroa.com\/fr\/producto\/entree-anti-varroa\/#breadcrumb"},"inLanguage":"fr-FR","potentialAction":[{"@type":"ReadAction","target":["https:\/\/zerovarroa.com\/fr\/producto\/entree-anti-varroa\/"]}]},{"@type":"ImageObject","inLanguage":"fr-FR","@id":"https:\/\/zerovarroa.com\/fr\/producto\/entree-anti-varroa\/#primaryimage","url":"https:\/\/zerovarroa.com\/wp-content\/uploads\/2021\/04\/kit-piquera-antivarroa.jpg","contentUrl":"https:\/\/zerovarroa.com\/wp-content\/uploads\/2021\/04\/kit-piquera-antivarroa.jpg","width":800,"height":546,"caption":"Piquera anti varroa"},{"@type":"BreadcrumbList","@id":"https:\/\/zerovarroa.com\/fr\/producto\/entree-anti-varroa\/#breadcrumb","itemListElement":[{"@type":"ListItem","position":1,"name":"Portada","item":"https:\/\/zerovarroa.com\/fr\/accueil\/"},{"@type":"ListItem","position":2,"name":"Boutique","item":"https:\/\/zerovarroa.com\/fr\/boutique\/"},{"@type":"ListItem","position":3,"name":"Entr\u00e9e anti-varroa"}]},{"@type":"WebSite","@id":"https:\/\/zerovarroa.com\/fr\/#website","url":"https:\/\/zerovarroa.com\/fr\/","name":"ZeroVarroa","description":"","potentialAction":[{"@type":"SearchAction","target":{"@type":"EntryPoint","urlTemplate":"https:\/\/zerovarroa.com\/fr\/?s={search_term_string}"},"query-input":{"@type":"PropertyValueSpecification","valueRequired":true,"valueName":"search_term_string"}}],"inLanguage":"fr-FR"}]}},"tiered_pricing_type":"fixed","tiered_pricing_fixed_rules":{"11":17,"51":16,"200":15},"tiered_pricing_product_settings":{"layout":"default","base_unit_name":{"singular":null,"plural":null},"default_variation":null},"tiered_pricing_minimum_quantity":null,"tiered_pricing_roles_data":[],"tiered_pricing_percentage_rules":[],"_links":{"self":[{"href":"https:\/\/zerovarroa.com\/fr\/wp-json\/wp\/v2\/product\/723","targetHints":{"allow":["GET"]}}],"collection":[{"href":"https:\/\/zerovarroa.com\/fr\/wp-json\/wp\/v2\/product"}],"about":[{"href":"https:\/\/zerovarroa.com\/fr\/wp-json\/wp\/v2\/types\/product"}],"wp:featuredmedia":[{"embeddable":true,"href":"https:\/\/zerovarroa.com\/fr\/wp-json\/wp\/v2\/media\/651"}],"wp:attachment":[{"href":"https:\/\/zerovarroa.com\/fr\/wp-json\/wp\/v2\/media?parent=723"}],"wp:term":[{"taxonomy":"product_brand","embeddable":true,"href":"https:\/\/zerovarroa.com\/fr\/wp-json\/wp\/v2\/product_brand?post=723"},{"taxonomy":"product_cat","embeddable":true,"href":"https:\/\/zerovarroa.com\/fr\/wp-json\/wp\/v2\/product_cat?post=723"},{"taxonomy":"product_tag","embeddable":true,"href":"https:\/\/zerovarroa.com\/fr\/wp-json\/wp\/v2\/product_tag?post=723"}],"curies":[{"name":"wp","href":"https:\/\/api.w.org\/{rel}","templated":true}]}}