{"id":1015,"date":"2021-09-29T16:09:12","date_gmt":"2021-09-29T16:09:12","guid":{"rendered":"https:\/\/zerovarroa.com\/index.php\/politica-di-cookies\/"},"modified":"2021-09-29T16:42:03","modified_gmt":"2021-09-29T16:42:03","slug":"politica-di-cookies","status":"publish","type":"page","link":"https:\/\/zerovarroa.com\/it\/politica-di-cookies\/","title":{"rendered":"Politica di Cookies"},"content":{"rendered":"<p>[et_pb_section fb_built=&#8221;1&#8243; admin_label=&#8221;Page Title Section&#8221; _builder_version=&#8221;4.9.4&#8243; use_background_color_gradient=&#8221;on&#8221; background_color_gradient_start=&#8221;#000000&#8243; background_color_gradient_end=&#8221;rgba(0,0,0,0)&#8221; background_color_gradient_direction=&#8221;120deg&#8221; background_color_gradient_overlays_image=&#8221;on&#8221; background_image=&#8221;https:\/\/zerovarroa.com\/wp-content\/uploads\/2021\/04\/31903291_m.jpg&#8221; custom_padding=&#8221;110px||110px|&#8221;][et_pb_row column_structure=&#8221;2_3,1_3&#8243; admin_label=&#8221;Page Title Area&#8221; _builder_version=&#8221;3.25&#8243; background_size=&#8221;initial&#8221; background_position=&#8221;top_left&#8221; background_repeat=&#8221;repeat&#8221;][et_pb_column type=&#8221;2_3&#8243; _builder_version=&#8221;3.25&#8243; custom_padding=&#8221;|||&#8221; custom_padding__hover=&#8221;|||&#8221;][et_pb_text admin_label=&#8221;Title&#8221; _builder_version=&#8221;4.9.4&#8243; text_font=&#8221;||||||||&#8221; header_font=&#8221;Poppins|600|||||||&#8221; header_font_size=&#8221;60px&#8221; header_line_height=&#8221;1.2em&#8221; header_2_font=&#8221;||||||||&#8221; background_layout=&#8221;dark&#8221; custom_margin=&#8221;||20px|&#8221; custom_padding=&#8221;|||&#8221; animation_style=&#8221;fade&#8221; header_font_size_tablet=&#8221;&#8221; header_font_size_phone=&#8221;40px&#8221; header_font_size_last_edited=&#8221;on|desktop&#8221; header_2_font_size_last_edited=&#8221;off|desktop&#8221;]<\/p>\n<h3>Politica di Cookies<\/h3>\n<p>[\/et_pb_text][\/et_pb_column][et_pb_column type=&#8221;1_3&#8243; _builder_version=&#8221;3.25&#8243; custom_padding=&#8221;|||&#8221; custom_padding__hover=&#8221;|||&#8221;][\/et_pb_column][\/et_pb_row][\/et_pb_section][et_pb_section fb_built=&#8221;1&#8243; admin_label=&#8221;Class Details Section&#8221; _builder_version=&#8221;4.9.4&#8243; background_color=&#8221;#efe9e4&#8243; custom_padding=&#8221;90px||90px|&#8221;][et_pb_row _builder_version=&#8221;4.9.4&#8243; _module_preset=&#8221;default&#8221;][et_pb_column type=&#8221;4_4&#8243; _builder_version=&#8221;4.9.4&#8243; _module_preset=&#8221;default&#8221;][et_pb_text _builder_version=&#8221;4.9.4&#8243; _module_preset=&#8221;default&#8221;]<\/p>\n<section id=\"content\">\n<div id=\"post-63\" class=\"post-63 page type-page status-publish hentry\">\n<div class=\"post-content\">\n<div class=\"fusion-fullwidth fullwidth-box fusion-builder-row-1 nonhundred-percent-fullwidth non-hundred-percent-height-scrolling\">\n<div class=\"fusion-builder-row fusion-row \">\n<div class=\"fusion-layout-column fusion_builder_column fusion_builder_column_1_1 fusion-builder-column-0 fusion-one-full fusion-column-first fusion-column-last 1_1\">\n<div class=\"fusion-column-wrapper\" data-bg-url=\"\">\n<div class=\"fusion-text\">\n<p><strong>Definizione e funzione dei cookie.<\/strong><\/p>\n<p>Un cookie \u00e8 un file che viene scaricato sul computer, tablet o smartphone dell&#8217;utente quando si accede a un sito web. I cookie consentono a un sito web di memorizzare e recuperare informazioni sulle abitudini di navigazione di un determinato utente o del suo computer, che possono essere utilizzate per riconoscere l&#8217;utente in futuro o la sua attivit\u00e0 corrente.<\/p>\n<p>Il &#8220;cookie&#8221; non \u00e8 mai associato ad alcun dato di carattere personale, ma \u00e8 utilizzato solo in modo statistico per contribuire all&#8217;ottimizzazione dell&#8217;usabilit\u00e0 del sito.<\/p>\n<p><strong> Utilizzo di cookie<\/strong><\/p>\n<p>Le pagine web di ZEROVARROA utilizzano &#8220;cookies&#8221;, e altri meccanismi simili (di seguito, anche cookies) per personalizzare e facilitare la navigazione dell&#8217;utente. I cookie sono associati a un utente e a un dispositivo che sono tenuti anonimi e non forniscono riferimenti che consentano di ricavarne dati personali. L&#8217;utente pu\u00f2 configurare il proprio browser abituale in modo da avvisare e rifiutare l&#8217;installazione dei cookie dei siti visitati. In questo modo l&#8217;utente pu\u00f2 accedere ai contenuti dei siti web, ma pu\u00f2 influenzare la qualit\u00e0 di funzionamento del sito. Gli utenti gi\u00e0 registrati, che si registreranno o si collegheranno, potranno accedere a servizi pi\u00f9 personalizzati orientati al proprio profilo, grazie all&#8217;unione dei dati memorizzati nei cookie e dei dati personali della loro registrazione. Gli utenti autorizzano espressamente l&#8217;uso di queste informazioni per lo scopo indicato, ma hanno il diritto di rifiutarlo in qualsiasi momento. ZEROVARROA utilizza i seguenti cookie:<\/p>\n<ul>\n<li><strong>Cookie di sessione:<\/strong> cookie temporanei che sono memorizzati nei cookie del browser fino a quando si lascia la pagina web, per cui non rimangono nel dispositivo dell&#8217;utente. Le informazioni raccolte da questi cookie hanno lo scopo di analizzare i modelli di traffico sul web.<\/li>\n<li><strong>Cookie permanenti:<\/strong> vengono memorizzati sul disco rigido del dispositivo e vengono letti ogni volta che viene effettuata una nuova visita. I cookie permanenti hanno una data di scadenza stabilita e saranno disabilitati a partire da tale data. Sono utilizzati soprattutto per velocizzare gli acquisti e le registrazioni.<\/li>\n<li><strong>Cookie di prestazioni:<\/strong> ricordano le preferenze dell&#8217;utente per gli strumenti che si trovano nei servizi di un sito per non riconfigurarlo ogni volta che si visita. Essi comprendono:\n<ul>\n<li>L&#8217;assetto del volume su lettori video e audio.<\/li>\n<li>La velocit\u00e0 di trasmissione video perch\u00e9 sia compatibile con il browser utilizzato.<\/li>\n<li>I prodotti scelti nei &#8220;carrelli della spesa&#8221; del e-commerce.<\/li>\n<\/ul>\n<\/li>\n<li><strong>Cookie di geo-localizzazione:<\/strong> individuano in quale paese si trova quando richiede un servizio. \u00c8 un cookie anonimo che aiuta solo ad orientare il contenuto alla sua posizione.<\/li>\n<li><strong>Cookie di analisi: <\/strong>sono generati ogni volta che un utente visita un sito, da uno strumento di un fornitore esterno (Google Analytics, Yahoo Web Analytics, Urchin e simili). Il cookie viene creato durante la visita e serve per identificare l&#8217;utente in modo anonimo. Gli obiettivi principali perseguiti sono:\n<ul>\n<li>Identificare in maniera anonima gli utenti tramite il cookie (identifica i browser e i dispositivi, non le persone) per il conteggio dei visitatori e la loro tendenza nel tempo.<\/li>\n<li>Identificare in modo anonimo i contenuti pi\u00f9 visitati per gli utenti.<\/li>\n<li>Sapere se l&#8217;utente \u00e8 nuovo o \u00e8 tornato sul sito.<\/li>\n<\/ul>\n<\/li>\n<li><strong>Cookie di registrazione: <\/strong> sono generati quando un utente si \u00e8 registrato o ha effettuato l&#8217;accesso e vengono utilizzati per identificarlo. Se l&#8217;utente si registra in un servizio con credenziali di un social network, sta autorizzando il social network a salvare un cookie che gli ricorda e garantisce l&#8217;accesso al servizio fino alla scadenza. El usuario puede eliminar esta cookie y anular el acceso a los servicios a trav\u00e9s de la red social espec\u00edfica, en sus preferencias. I suoi obiettivi:\n<ul>\n<li>Mantenere l&#8217;utente identificato. Cos\u00ec, se chiude un servizio, il browser o il computer, pu\u00f2 rientrare in tale servizio in un altro momento o in un altro giorno, senza dover essere identificato di nuovo. Se l&#8217;utente &#8220;chiude la sessione&#8221; il cookie viene eliminato, e la prossima volta sar\u00e0 necessario accedere di nuovo.<\/li>\n<li>Verificare che l&#8217;utente sia autorizzato ad accedere a certi servizi.<\/li>\n<\/ul>\n<\/li>\n<\/ul>\n<p><strong> Come disabilitare i cookie nei principali browser<\/strong><\/p>\n<p>Puo consentire, bloccare o rimuovere i cookie installati sul suo computer impostando le opzioni del browser installato sul suo computer.<\/p>\n<ul>\n<li>Per ulteriori informazioni sul browser Firefox cliccare <u>qui.<\/u><\/li>\n<li>Per ulteriori informazioni sul browser Chrome cliccare <u>qui.<\/u><\/li>\n<li>er ulteriori informazioni sul browser Explorer cliccare <u>qui. <\/u><\/li>\n<li>Per ulteriori informazioni sul browser Safari cliccare <u>qui. <\/u><\/li>\n<li>Per ulteriori informazioni sul browser Opera cliccare <u>qui. <\/u><\/li>\n<\/ul>\n<p><strong>Aggiornamento e modifiche alla politica dei cookie. <\/strong><\/p>\n<p>ZEROVARROA pu\u00f2 modificare questa Politica dei Cookie in base a requisiti legislativi, regolamentari o per adattarle alle istruzioni dell&#8217;Agenzia Spagnola per la Protezione dei Dati. Per questo \u00e8 consigliabile visitarla periodicamente. Per questo \u00e8 consigliabile visitarla periodicamente. Se ci sono dubbi, commenti o suggerimenti, potete contattarci via e-mail <a href=\"mailto:info@zerovarroa.com\">info@zerovarroa.com<\/a>.<\/p>\n<p>Per ulteriori informazioni:<\/p>\n<p><a href=\"http:\/\/www.agpd.es\/portalwebAGPD\/canaldocumentacion\/publicaciones\/common\/Guias\/Guia_Cookies.pdf\">http:\/\/www.agpd.es\/portalwebAGPD\/canaldocumentacion\/publicaciones\/common\/Guias\/Guia_Cookies.pdf<\/a><\/p>\n<\/div>\n<div class=\"fusion-clearfix\"> <\/div>\n<\/div>\n<\/div>\n<\/div>\n<\/div>\n<\/div>\n<\/div>\n<\/section>\n<p>[\/et_pb_text][\/et_pb_column][\/et_pb_row][\/et_pb_section][et_pb_section fb_built=&#8221;1&#8243; admin_label=&#8221;Footer Section&#8221; _builder_version=&#8221;3.22&#8243; background_color=&#8221;#1e1d1c&#8221; custom_padding=&#8221;90px||90px|&#8221; global_module=&#8221;227&#8243; saved_tabs=&#8221;all&#8221;][et_pb_row column_structure=&#8221;1_3,1_3,1_3&#8243; admin_label=&#8221;Footer Area&#8221; _builder_version=&#8221;3.25&#8243;][et_pb_column type=&#8221;1_3&#8243; _builder_version=&#8221;3.25&#8243; custom_padding=&#8221;|||&#8221; custom_padding__hover=&#8221;|||&#8221;][et_pb_text ul_type=&#8221;none&#8221; admin_label=&#8221;Title&#8221; _builder_version=&#8221;4.9.3&#8243; text_font=&#8221;Poppins||||||||&#8221; text_text_color=&#8221;rgba(255,255,255,0.7)&#8221; text_font_size=&#8221;16px&#8221; text_line_height=&#8221;1.8em&#8221; ul_font=&#8221;Poppins||||||||&#8221; ul_text_align=&#8221;center&#8221; header_font=&#8221;||||||||&#8221; header_2_font=&#8221;Poppins||||||||&#8221; header_2_text_align=&#8221;center&#8221; header_2_font_size=&#8221;24px&#8221; header_2_line_height=&#8221;1.4em&#8221; text_orientation=&#8221;center&#8221; background_layout=&#8221;dark&#8221; custom_margin=&#8221;||15px|&#8221; custom_padding=&#8221;|||&#8221; animation_style=&#8221;fade&#8221;]<\/p>\n<h2>Indirizzo<\/h2>\n<p>c\/ Sabinar, 2 Bajo. CP.24007 Le\u00f3n<\/p>\n<p>[\/et_pb_text][\/et_pb_column][et_pb_column type=&#8221;1_3&#8243; _builder_version=&#8221;3.25&#8243; custom_padding=&#8221;|||&#8221; custom_padding__hover=&#8221;|||&#8221;][et_pb_text ul_type=&#8221;none&#8221; admin_label=&#8221;Title&#8221; _builder_version=&#8221;4.9.3&#8243; text_font=&#8221;Poppins||||||||&#8221; text_text_color=&#8221;rgba(255,255,255,0.7)&#8221; text_font_size=&#8221;16px&#8221; text_line_height=&#8221;1.8em&#8221; ul_font=&#8221;Poppins||||||||&#8221; ul_text_align=&#8221;center&#8221; header_font=&#8221;||||||||&#8221; header_2_font=&#8221;Poppins||||||||&#8221; header_2_text_align=&#8221;center&#8221; header_2_font_size=&#8221;24px&#8221; header_2_line_height=&#8221;1.4em&#8221; text_orientation=&#8221;center&#8221; background_layout=&#8221;dark&#8221; custom_margin=&#8221;||15px|&#8221; custom_padding=&#8221;|||&#8221; animation_style=&#8221;fade&#8221;]<\/p>\n<h2>Telefono<\/h2>\n<p>(+34) 642 61 97 43 [\/et_pb_text][\/et_pb_column][et_pb_column type=&#8221;1_3&#8243; _builder_version=&#8221;3.25&#8243; custom_padding=&#8221;|||&#8221; custom_padding__hover=&#8221;|||&#8221;][et_pb_text ul_type=&#8221;none&#8221; admin_label=&#8221;Title&#8221; _builder_version=&#8221;4.9.3&#8243; text_font=&#8221;Poppins||||||||&#8221; text_text_color=&#8221;rgba(255,255,255,0.7)&#8221; text_font_size=&#8221;16px&#8221; text_line_height=&#8221;1.8em&#8221; ul_font=&#8221;Poppins||||||||&#8221; ul_text_align=&#8221;center&#8221; header_font=&#8221;||||||||&#8221; header_2_font=&#8221;Poppins||||||||&#8221; header_2_text_align=&#8221;center&#8221; header_2_font_size=&#8221;24px&#8221; header_2_line_height=&#8221;1.4em&#8221; text_orientation=&#8221;center&#8221; background_layout=&#8221;dark&#8221; custom_margin=&#8221;||15px|&#8221; custom_padding=&#8221;|||&#8221; animation_style=&#8221;fade&#8221;]<\/p>\n<h2>E-mail<\/h2>\n<p>info@zerovarroa.com<\/p>\n<p>[\/et_pb_text][\/et_pb_column][\/et_pb_row][et_pb_row disabled_on=&#8221;off|off|off&#8221; admin_label=&#8221;Social Media&#8221; _builder_version=&#8221;3.25&#8243; custom_margin=&#8221;30px|||&#8221;][et_pb_column type=&#8221;4_4&#8243; _builder_version=&#8221;3.25&#8243; custom_padding=&#8221;|||&#8221; custom_padding__hover=&#8221;|||&#8221;][et_pb_social_media_follow _builder_version=&#8221;4.9.4&#8243; text_orientation=&#8221;center&#8221;][et_pb_social_media_follow_network social_network=&#8221;facebook&#8221; url=&#8221;https:\/\/www.facebook.com\/Zero-Varroa-107789488115380\/&#8221; _builder_version=&#8221;4.9.4&#8243; background_color=&#8221;#fdb467&#8243; custom_margin=&#8221;|8px||8px&#8221; custom_padding=&#8221;14px|14px|14px|14px&#8221; border_radii=&#8221;on|100px|100px|100px|100px&#8221; follow_button=&#8221;off&#8221; url_new_window=&#8221;on&#8221;]facebook[\/et_pb_social_media_follow_network][et_pb_social_media_follow_network social_network=&#8221;youtube&#8221; url=&#8221;https:\/\/www.youtube.com\/channel\/UCaQ9MaGZNE3iZBtkE5vpeVw&#8221; _builder_version=&#8221;4.9.4&#8243; background_color=&#8221;#fdb467&#8243; custom_margin=&#8221;|8px||8px&#8221; custom_padding=&#8221;14px|14px|14px|14px&#8221; border_radii=&#8221;on|100px|100px|100px|100px&#8221; follow_button=&#8221;off&#8221; url_new_window=&#8221;on&#8221;]youtube[\/et_pb_social_media_follow_network][\/et_pb_social_media_follow][\/et_pb_column][\/et_pb_row][\/et_pb_section]<\/p>\n","protected":false},"excerpt":{"rendered":"<p>Politica di Cookies Definizione e funzione dei cookie. Un cookie \u00e8 un file che viene scaricato sul computer, tablet o smartphone dell&#8217;utente quando si accede a un sito web. I cookie consentono a un sito web di memorizzare e recuperare informazioni sulle abitudini di navigazione di un determinato utente o del suo computer, che possono [&hellip;]<\/p>\n","protected":false},"author":1,"featured_media":0,"parent":0,"menu_order":0,"comment_status":"closed","ping_status":"closed","template":"","meta":{"_et_pb_use_builder":"on","_et_pb_old_content":"","_et_gb_content_width":"","footnotes":""},"class_list":["post-1015","page","type-page","status-publish","hentry"],"yoast_head":"<!-- This site is optimized with the Yoast SEO plugin v26.1.1 - https:\/\/yoast.com\/wordpress\/plugins\/seo\/ -->\n<title>Politica di Cookies - ZeroVarroa<\/title>\n<meta name=\"robots\" content=\"noindex, nofollow\" \/>\n<meta property=\"og:locale\" content=\"it_IT\" \/>\n<meta property=\"og:type\" content=\"article\" \/>\n<meta property=\"og:title\" content=\"Politica di Cookies - ZeroVarroa\" \/>\n<meta property=\"og:description\" content=\"Politica di Cookies Definizione e funzione dei cookie. Un cookie \u00e8 un file che viene scaricato sul computer, tablet o smartphone dell&#039;utente quando si accede a un sito web. I cookie consentono a un sito web di memorizzare e recuperare informazioni sulle abitudini di navigazione di un determinato utente o del suo computer, che possono [&hellip;]\" \/>\n<meta property=\"og:url\" content=\"https:\/\/zerovarroa.com\/it\/politica-di-cookies\/\" \/>\n<meta property=\"og:site_name\" content=\"ZeroVarroa\" \/>\n<meta property=\"article:modified_time\" content=\"2021-09-29T16:42:03+00:00\" \/>\n<meta name=\"twitter:card\" content=\"summary_large_image\" \/>\n<meta name=\"twitter:label1\" content=\"Tempo di lettura stimato\" \/>\n\t<meta name=\"twitter:data1\" content=\"7 minuti\" \/>\n<script type=\"application\/ld+json\" class=\"yoast-schema-graph\">{\"@context\":\"https:\/\/schema.org\",\"@graph\":[{\"@type\":\"WebPage\",\"@id\":\"https:\/\/zerovarroa.com\/it\/politica-di-cookies\/\",\"url\":\"https:\/\/zerovarroa.com\/it\/politica-di-cookies\/\",\"name\":\"Politica di Cookies - ZeroVarroa\",\"isPartOf\":{\"@id\":\"https:\/\/zerovarroa.com\/it\/#website\"},\"datePublished\":\"2021-09-29T16:09:12+00:00\",\"dateModified\":\"2021-09-29T16:42:03+00:00\",\"breadcrumb\":{\"@id\":\"https:\/\/zerovarroa.com\/it\/politica-di-cookies\/#breadcrumb\"},\"inLanguage\":\"it-IT\",\"potentialAction\":[{\"@type\":\"ReadAction\",\"target\":[\"https:\/\/zerovarroa.com\/it\/politica-di-cookies\/\"]}]},{\"@type\":\"BreadcrumbList\",\"@id\":\"https:\/\/zerovarroa.com\/it\/politica-di-cookies\/#breadcrumb\",\"itemListElement\":[{\"@type\":\"ListItem\",\"position\":1,\"name\":\"Portada\",\"item\":\"https:\/\/zerovarroa.com\/it\/home\/\"},{\"@type\":\"ListItem\",\"position\":2,\"name\":\"Politica di Cookies\"}]},{\"@type\":\"WebSite\",\"@id\":\"https:\/\/zerovarroa.com\/it\/#website\",\"url\":\"https:\/\/zerovarroa.com\/it\/\",\"name\":\"ZeroVarroa\",\"description\":\"\",\"potentialAction\":[{\"@type\":\"SearchAction\",\"target\":{\"@type\":\"EntryPoint\",\"urlTemplate\":\"https:\/\/zerovarroa.com\/it\/?s={search_term_string}\"},\"query-input\":{\"@type\":\"PropertyValueSpecification\",\"valueRequired\":true,\"valueName\":\"search_term_string\"}}],\"inLanguage\":\"it-IT\"}]}<\/script>\n<!-- \/ Yoast SEO plugin. -->","yoast_head_json":{"title":"Politica di Cookies - ZeroVarroa","robots":{"index":"noindex","follow":"nofollow"},"og_locale":"it_IT","og_type":"article","og_title":"Politica di Cookies - ZeroVarroa","og_description":"Politica di Cookies Definizione e funzione dei cookie. Un cookie \u00e8 un file che viene scaricato sul computer, tablet o smartphone dell'utente quando si accede a un sito web. I cookie consentono a un sito web di memorizzare e recuperare informazioni sulle abitudini di navigazione di un determinato utente o del suo computer, che possono [&hellip;]","og_url":"https:\/\/zerovarroa.com\/it\/politica-di-cookies\/","og_site_name":"ZeroVarroa","article_modified_time":"2021-09-29T16:42:03+00:00","twitter_card":"summary_large_image","twitter_misc":{"Tempo di lettura stimato":"7 minuti"},"schema":{"@context":"https:\/\/schema.org","@graph":[{"@type":"WebPage","@id":"https:\/\/zerovarroa.com\/it\/politica-di-cookies\/","url":"https:\/\/zerovarroa.com\/it\/politica-di-cookies\/","name":"Politica di Cookies - ZeroVarroa","isPartOf":{"@id":"https:\/\/zerovarroa.com\/it\/#website"},"datePublished":"2021-09-29T16:09:12+00:00","dateModified":"2021-09-29T16:42:03+00:00","breadcrumb":{"@id":"https:\/\/zerovarroa.com\/it\/politica-di-cookies\/#breadcrumb"},"inLanguage":"it-IT","potentialAction":[{"@type":"ReadAction","target":["https:\/\/zerovarroa.com\/it\/politica-di-cookies\/"]}]},{"@type":"BreadcrumbList","@id":"https:\/\/zerovarroa.com\/it\/politica-di-cookies\/#breadcrumb","itemListElement":[{"@type":"ListItem","position":1,"name":"Portada","item":"https:\/\/zerovarroa.com\/it\/home\/"},{"@type":"ListItem","position":2,"name":"Politica di Cookies"}]},{"@type":"WebSite","@id":"https:\/\/zerovarroa.com\/it\/#website","url":"https:\/\/zerovarroa.com\/it\/","name":"ZeroVarroa","description":"","potentialAction":[{"@type":"SearchAction","target":{"@type":"EntryPoint","urlTemplate":"https:\/\/zerovarroa.com\/it\/?s={search_term_string}"},"query-input":{"@type":"PropertyValueSpecification","valueRequired":true,"valueName":"search_term_string"}}],"inLanguage":"it-IT"}]}},"_links":{"self":[{"href":"https:\/\/zerovarroa.com\/it\/wp-json\/wp\/v2\/pages\/1015","targetHints":{"allow":["GET"]}}],"collection":[{"href":"https:\/\/zerovarroa.com\/it\/wp-json\/wp\/v2\/pages"}],"about":[{"href":"https:\/\/zerovarroa.com\/it\/wp-json\/wp\/v2\/types\/page"}],"author":[{"embeddable":true,"href":"https:\/\/zerovarroa.com\/it\/wp-json\/wp\/v2\/users\/1"}],"replies":[{"embeddable":true,"href":"https:\/\/zerovarroa.com\/it\/wp-json\/wp\/v2\/comments?post=1015"}],"version-history":[{"count":8,"href":"https:\/\/zerovarroa.com\/it\/wp-json\/wp\/v2\/pages\/1015\/revisions"}],"predecessor-version":[{"id":1029,"href":"https:\/\/zerovarroa.com\/it\/wp-json\/wp\/v2\/pages\/1015\/revisions\/1029"}],"wp:attachment":[{"href":"https:\/\/zerovarroa.com\/it\/wp-json\/wp\/v2\/media?parent=1015"}],"curies":[{"name":"wp","href":"https:\/\/api.w.org\/{rel}","templated":true}]}}