{"id":1413,"date":"2024-01-22T09:42:21","date_gmt":"2024-01-22T09:42:21","guid":{"rendered":"https:\/\/zerovarroa.com\/?post_type=product&#038;p=1413"},"modified":"2024-03-07T11:16:31","modified_gmt":"2024-03-07T11:16:31","slug":"trappola-trojan-anti-vespa-velutina","status":"publish","type":"product","link":"https:\/\/zerovarroa.com\/it\/producto\/trappola-trojan-anti-vespa-velutina\/","title":{"rendered":"Trappola Trojan anti-vespa velutina"},"content":{"rendered":"<p>[et_pb_section fb_built=&#8221;1&#8243; _builder_version=&#8221;4.16&#8243; custom_padding=&#8221;0px||||false|false&#8221; global_colors_info=&#8221;{}&#8221;][et_pb_row _builder_version=&#8221;4.16&#8243; background_size=&#8221;initial&#8221; background_position=&#8221;top_left&#8221; background_repeat=&#8221;repeat&#8221; width=&#8221;100%&#8221; custom_padding=&#8221;0px||0px||false|false&#8221; global_colors_info=&#8221;{}&#8221;][et_pb_column type=&#8221;4_4&#8243; _builder_version=&#8221;4.16&#8243; custom_padding=&#8221;|||&#8221; global_colors_info=&#8221;{}&#8221; custom_padding__hover=&#8221;|||&#8221;][et_pb_wc_cart_notice _builder_version=&#8221;4.24.0&#8243; background_color=&#8221;#5e5e5e&#8221; global_colors_info=&#8221;{}&#8221;][\/et_pb_wc_cart_notice][\/et_pb_column][\/et_pb_row][et_pb_row column_structure=&#8221;1_2,1_2&#8243; _builder_version=&#8221;4.16&#8243; background_size=&#8221;initial&#8221; background_position=&#8221;top_left&#8221; background_repeat=&#8221;repeat&#8221; width=&#8221;100%&#8221; custom_padding=&#8221;0px||||false|false&#8221; global_colors_info=&#8221;{}&#8221;][et_pb_column type=&#8221;1_2&#8243; _builder_version=&#8221;4.16&#8243; custom_padding=&#8221;|||&#8221; global_colors_info=&#8221;{}&#8221; custom_padding__hover=&#8221;|||&#8221;][et_pb_wc_images _builder_version=&#8221;4.16&#8243; global_colors_info=&#8221;{}&#8221;][\/et_pb_wc_images][\/et_pb_column][et_pb_column type=&#8221;1_2&#8243; _builder_version=&#8221;4.16&#8243; custom_padding=&#8221;|||30px|false|false&#8221; global_colors_info=&#8221;{}&#8221; custom_padding__hover=&#8221;|||&#8221;][et_pb_wc_title _builder_version=&#8221;4.24.0&#8243; global_colors_info=&#8221;{}&#8221;][\/et_pb_wc_title][et_pb_wc_price product=&#8221;1410&#8243; _builder_version=&#8221;4.24.0&#8243; _module_preset=&#8221;default&#8221; body_text_color=&#8221;#d97804&#8243; global_colors_info=&#8221;{}&#8221;][\/et_pb_wc_price][et_pb_text _builder_version=&#8221;4.24.2&#8243; _module_preset=&#8221;default&#8221; hover_enabled=&#8221;0&#8243; global_colors_info=&#8221;{}&#8221; sticky_enabled=&#8221;0&#8243;]<\/p>\n<p>PREZZI SENZA IVA. SPESE DI SPEDIZIONE NON INCLUSE.<\/p>\n<p>[\/et_pb_text][et_pb_accordion _builder_version=&#8221;4.24.0&#8243; _module_preset=&#8221;default&#8221; global_colors_info=&#8221;{}&#8221;][et_pb_accordion_item title=&#8221;Descrizione&#8221; open=&#8221;on&#8221; _builder_version=&#8221;4.24.0&#8243; _module_preset=&#8221;default&#8221; global_colors_info=&#8221;{}&#8221;]<\/p>\n<p>Elimina efficacemente i nidi. Le vespe trasportano l&#8217;insetticida nel nido senza morire nel processo, provocandone la graduale estinzione.<\/p>\n<p>[\/et_pb_accordion_item][et_pb_accordion_item title=&#8221;Caratteristiche&#8221; _builder_version=&#8221;4.24.0&#8243; _module_preset=&#8221;default&#8221; global_colors_info=&#8221;{}&#8221; open=&#8221;off&#8221;]<\/p>\n<ul>\n<li>Elimina i nidi delle vespe vellutate.<\/li>\n<li>Crea trojan senza sforzo.<\/li>\n<\/ul>\n<p>[\/et_pb_accordion_item][\/et_pb_accordion][et_pb_wc_description product=&#8221;1413&#8243; description_type=&#8221;description&#8221; _builder_version=&#8221;4.24.0&#8243; hover_enabled=&#8221;0&#8243; global_colors_info=&#8221;{}&#8221; sticky_enabled=&#8221;0&#8243;][\/et_pb_wc_description][et_pb_wc_add_to_cart _builder_version=&#8221;4.24.2&#8243; hover_enabled=&#8221;0&#8243; global_colors_info=&#8221;{}&#8221; sticky_enabled=&#8221;0&#8243;][\/et_pb_wc_add_to_cart][\/et_pb_column][\/et_pb_row][\/et_pb_section]<\/p>\n","protected":false},"excerpt":{"rendered":"<p>Elimina efficacemente i nidi. Le vespe trasportano l&#8217;insetticida nel nido senza morire nel processo, provocandone la graduale estinzione.<\/p>\n<p>Controllo semplice delle vespe asiatiche La nostra trappola utilizza un attrattivo che attira solo le vespe, consentendo loro di trasportare automaticamente una piccola dose di insetticida nel loro nido quando se ne vanno, senza necessit\u00e0 di intervento.<\/p>\n","protected":false},"featured_media":1360,"template":"","meta":{"_et_pb_use_builder":"on","_et_pb_old_content":"<strong>Proteggi le tue api <\/strong>\r\n\r\nElimina le vespe asiatiche dal tuo ambiente con la trappola pi\u00f9 efficace ed ecologica. Attrae, cattura e uccide solo questa specie invasiva, senza danneggiare le api.\r\n\r\nCOSTO DELLE SPEDIZIONI\r\n\r\n1 trappola 14 \u20ac\r\n\r\n2-3 Trappole 20 \u20ac\r\n\r\n4-5-6 Trappole 28 \u20ac\r\n\r\n7 o pi\u00f9 trappole 32 \u20ac","_et_gb_content_width":""},"product_brand":[],"product_cat":[42],"product_tag":[],"class_list":{"0":"post-1413","1":"product","2":"type-product","3":"status-publish","4":"has-post-thumbnail","6":"product_cat-sin-categorizar-it","8":"first","9":"instock","10":"taxable","11":"shipping-taxable","12":"purchasable","13":"product-type-simple"},"yoast_head":"<!-- This site is optimized with the Yoast SEO plugin v26.1.1 - https:\/\/yoast.com\/wordpress\/plugins\/seo\/ -->\n<title>Trappola Trojan anti-vespa velutina - ZeroVarroa<\/title>\n<meta name=\"description\" content=\"Liberati delle vespe La trappola ZeroVelutina \u00e8 sicura, ecologica e selettiva. Non danneggia le api n\u00e9 altri insetti benefici, poich\u00e9 l&#039;attrattore funziona solo con le vespe.\" \/>\n<meta name=\"robots\" content=\"index, follow, max-snippet:-1, max-image-preview:large, max-video-preview:-1\" \/>\n<link rel=\"canonical\" href=\"https:\/\/zerovarroa.com\/it\/producto\/trappola-trojan-anti-vespa-velutina\/\" \/>\n<meta property=\"og:locale\" content=\"it_IT\" \/>\n<meta property=\"og:type\" content=\"article\" \/>\n<meta property=\"og:title\" content=\"Trappola Trojan anti-vespa velutina - ZeroVarroa\" \/>\n<meta property=\"og:description\" content=\"Liberati delle vespe La trappola ZeroVelutina \u00e8 sicura, ecologica e selettiva. Non danneggia le api n\u00e9 altri insetti benefici, poich\u00e9 l&#039;attrattore funziona solo con le vespe.\" \/>\n<meta property=\"og:url\" content=\"https:\/\/zerovarroa.com\/it\/producto\/trappola-trojan-anti-vespa-velutina\/\" \/>\n<meta property=\"og:site_name\" content=\"ZeroVarroa\" \/>\n<meta property=\"article:modified_time\" content=\"2024-03-07T11:16:31+00:00\" \/>\n<meta property=\"og:image\" content=\"https:\/\/zerovarroa.com\/wp-content\/uploads\/2023\/10\/trampa-troyano-zero-velutina.png\" \/>\n\t<meta property=\"og:image:width\" content=\"800\" \/>\n\t<meta property=\"og:image:height\" content=\"591\" \/>\n\t<meta property=\"og:image:type\" content=\"image\/png\" \/>\n<meta name=\"twitter:card\" content=\"summary_large_image\" \/>\n<meta name=\"twitter:label1\" content=\"Tempo di lettura stimato\" \/>\n\t<meta name=\"twitter:data1\" content=\"1 minuto\" \/>\n<script type=\"application\/ld+json\" class=\"yoast-schema-graph\">{\"@context\":\"https:\/\/schema.org\",\"@graph\":[{\"@type\":\"WebPage\",\"@id\":\"https:\/\/zerovarroa.com\/it\/producto\/trappola-trojan-anti-vespa-velutina\/\",\"url\":\"https:\/\/zerovarroa.com\/it\/producto\/trappola-trojan-anti-vespa-velutina\/\",\"name\":\"Trappola Trojan anti-vespa velutina - ZeroVarroa\",\"isPartOf\":{\"@id\":\"https:\/\/zerovarroa.com\/it\/#website\"},\"primaryImageOfPage\":{\"@id\":\"https:\/\/zerovarroa.com\/it\/producto\/trappola-trojan-anti-vespa-velutina\/#primaryimage\"},\"image\":{\"@id\":\"https:\/\/zerovarroa.com\/it\/producto\/trappola-trojan-anti-vespa-velutina\/#primaryimage\"},\"thumbnailUrl\":\"https:\/\/zerovarroa.com\/wp-content\/uploads\/2023\/10\/trampa-troyano-zero-velutina.png\",\"datePublished\":\"2024-01-22T09:42:21+00:00\",\"dateModified\":\"2024-03-07T11:16:31+00:00\",\"description\":\"Liberati delle vespe La trappola ZeroVelutina \u00e8 sicura, ecologica e selettiva. Non danneggia le api n\u00e9 altri insetti benefici, poich\u00e9 l'attrattore funziona solo con le vespe.\",\"breadcrumb\":{\"@id\":\"https:\/\/zerovarroa.com\/it\/producto\/trappola-trojan-anti-vespa-velutina\/#breadcrumb\"},\"inLanguage\":\"it-IT\",\"potentialAction\":[{\"@type\":\"ReadAction\",\"target\":[\"https:\/\/zerovarroa.com\/it\/producto\/trappola-trojan-anti-vespa-velutina\/\"]}]},{\"@type\":\"ImageObject\",\"inLanguage\":\"it-IT\",\"@id\":\"https:\/\/zerovarroa.com\/it\/producto\/trappola-trojan-anti-vespa-velutina\/#primaryimage\",\"url\":\"https:\/\/zerovarroa.com\/wp-content\/uploads\/2023\/10\/trampa-troyano-zero-velutina.png\",\"contentUrl\":\"https:\/\/zerovarroa.com\/wp-content\/uploads\/2023\/10\/trampa-troyano-zero-velutina.png\",\"width\":800,\"height\":591,\"caption\":\"trampa troyano zero velutina\"},{\"@type\":\"BreadcrumbList\",\"@id\":\"https:\/\/zerovarroa.com\/it\/producto\/trappola-trojan-anti-vespa-velutina\/#breadcrumb\",\"itemListElement\":[{\"@type\":\"ListItem\",\"position\":1,\"name\":\"Portada\",\"item\":\"https:\/\/zerovarroa.com\/it\/home\/\"},{\"@type\":\"ListItem\",\"position\":2,\"name\":\"Shop\",\"item\":\"https:\/\/zerovarroa.com\/it\/shop\/\"},{\"@type\":\"ListItem\",\"position\":3,\"name\":\"Trappola Trojan anti-vespa velutina\"}]},{\"@type\":\"WebSite\",\"@id\":\"https:\/\/zerovarroa.com\/it\/#website\",\"url\":\"https:\/\/zerovarroa.com\/it\/\",\"name\":\"ZeroVarroa\",\"description\":\"\",\"potentialAction\":[{\"@type\":\"SearchAction\",\"target\":{\"@type\":\"EntryPoint\",\"urlTemplate\":\"https:\/\/zerovarroa.com\/it\/?s={search_term_string}\"},\"query-input\":{\"@type\":\"PropertyValueSpecification\",\"valueRequired\":true,\"valueName\":\"search_term_string\"}}],\"inLanguage\":\"it-IT\"}]}<\/script>\n<!-- \/ Yoast SEO plugin. -->","yoast_head_json":{"title":"Trappola Trojan anti-vespa velutina - ZeroVarroa","description":"Liberati delle vespe La trappola ZeroVelutina \u00e8 sicura, ecologica e selettiva. Non danneggia le api n\u00e9 altri insetti benefici, poich\u00e9 l'attrattore funziona solo con le vespe.","robots":{"index":"index","follow":"follow","max-snippet":"max-snippet:-1","max-image-preview":"max-image-preview:large","max-video-preview":"max-video-preview:-1"},"canonical":"https:\/\/zerovarroa.com\/it\/producto\/trappola-trojan-anti-vespa-velutina\/","og_locale":"it_IT","og_type":"article","og_title":"Trappola Trojan anti-vespa velutina - ZeroVarroa","og_description":"Liberati delle vespe La trappola ZeroVelutina \u00e8 sicura, ecologica e selettiva. Non danneggia le api n\u00e9 altri insetti benefici, poich\u00e9 l'attrattore funziona solo con le vespe.","og_url":"https:\/\/zerovarroa.com\/it\/producto\/trappola-trojan-anti-vespa-velutina\/","og_site_name":"ZeroVarroa","article_modified_time":"2024-03-07T11:16:31+00:00","og_image":[{"width":800,"height":591,"url":"https:\/\/zerovarroa.com\/wp-content\/uploads\/2023\/10\/trampa-troyano-zero-velutina.png","type":"image\/png"}],"twitter_card":"summary_large_image","twitter_misc":{"Tempo di lettura stimato":"1 minuto"},"schema":{"@context":"https:\/\/schema.org","@graph":[{"@type":"WebPage","@id":"https:\/\/zerovarroa.com\/it\/producto\/trappola-trojan-anti-vespa-velutina\/","url":"https:\/\/zerovarroa.com\/it\/producto\/trappola-trojan-anti-vespa-velutina\/","name":"Trappola Trojan anti-vespa velutina - ZeroVarroa","isPartOf":{"@id":"https:\/\/zerovarroa.com\/it\/#website"},"primaryImageOfPage":{"@id":"https:\/\/zerovarroa.com\/it\/producto\/trappola-trojan-anti-vespa-velutina\/#primaryimage"},"image":{"@id":"https:\/\/zerovarroa.com\/it\/producto\/trappola-trojan-anti-vespa-velutina\/#primaryimage"},"thumbnailUrl":"https:\/\/zerovarroa.com\/wp-content\/uploads\/2023\/10\/trampa-troyano-zero-velutina.png","datePublished":"2024-01-22T09:42:21+00:00","dateModified":"2024-03-07T11:16:31+00:00","description":"Liberati delle vespe La trappola ZeroVelutina \u00e8 sicura, ecologica e selettiva. Non danneggia le api n\u00e9 altri insetti benefici, poich\u00e9 l'attrattore funziona solo con le vespe.","breadcrumb":{"@id":"https:\/\/zerovarroa.com\/it\/producto\/trappola-trojan-anti-vespa-velutina\/#breadcrumb"},"inLanguage":"it-IT","potentialAction":[{"@type":"ReadAction","target":["https:\/\/zerovarroa.com\/it\/producto\/trappola-trojan-anti-vespa-velutina\/"]}]},{"@type":"ImageObject","inLanguage":"it-IT","@id":"https:\/\/zerovarroa.com\/it\/producto\/trappola-trojan-anti-vespa-velutina\/#primaryimage","url":"https:\/\/zerovarroa.com\/wp-content\/uploads\/2023\/10\/trampa-troyano-zero-velutina.png","contentUrl":"https:\/\/zerovarroa.com\/wp-content\/uploads\/2023\/10\/trampa-troyano-zero-velutina.png","width":800,"height":591,"caption":"trampa troyano zero velutina"},{"@type":"BreadcrumbList","@id":"https:\/\/zerovarroa.com\/it\/producto\/trappola-trojan-anti-vespa-velutina\/#breadcrumb","itemListElement":[{"@type":"ListItem","position":1,"name":"Portada","item":"https:\/\/zerovarroa.com\/it\/home\/"},{"@type":"ListItem","position":2,"name":"Shop","item":"https:\/\/zerovarroa.com\/it\/shop\/"},{"@type":"ListItem","position":3,"name":"Trappola Trojan anti-vespa velutina"}]},{"@type":"WebSite","@id":"https:\/\/zerovarroa.com\/it\/#website","url":"https:\/\/zerovarroa.com\/it\/","name":"ZeroVarroa","description":"","potentialAction":[{"@type":"SearchAction","target":{"@type":"EntryPoint","urlTemplate":"https:\/\/zerovarroa.com\/it\/?s={search_term_string}"},"query-input":{"@type":"PropertyValueSpecification","valueRequired":true,"valueName":"search_term_string"}}],"inLanguage":"it-IT"}]}},"tiered_pricing_type":"fixed","tiered_pricing_fixed_rules":{"5":28.1,"11":27.27},"tiered_pricing_product_settings":{"layout":"default","base_unit_name":{"singular":null,"plural":null},"default_variation":null},"tiered_pricing_minimum_quantity":null,"tiered_pricing_roles_data":[],"tiered_pricing_percentage_rules":[],"_links":{"self":[{"href":"https:\/\/zerovarroa.com\/it\/wp-json\/wp\/v2\/product\/1413","targetHints":{"allow":["GET"]}}],"collection":[{"href":"https:\/\/zerovarroa.com\/it\/wp-json\/wp\/v2\/product"}],"about":[{"href":"https:\/\/zerovarroa.com\/it\/wp-json\/wp\/v2\/types\/product"}],"wp:featuredmedia":[{"embeddable":true,"href":"https:\/\/zerovarroa.com\/it\/wp-json\/wp\/v2\/media\/1360"}],"wp:attachment":[{"href":"https:\/\/zerovarroa.com\/it\/wp-json\/wp\/v2\/media?parent=1413"}],"wp:term":[{"taxonomy":"product_brand","embeddable":true,"href":"https:\/\/zerovarroa.com\/it\/wp-json\/wp\/v2\/product_brand?post=1413"},{"taxonomy":"product_cat","embeddable":true,"href":"https:\/\/zerovarroa.com\/it\/wp-json\/wp\/v2\/product_cat?post=1413"},{"taxonomy":"product_tag","embeddable":true,"href":"https:\/\/zerovarroa.com\/it\/wp-json\/wp\/v2\/product_tag?post=1413"}],"curies":[{"name":"wp","href":"https:\/\/api.w.org\/{rel}","templated":true}]}}