{"id":1446,"date":"2024-03-07T17:01:04","date_gmt":"2024-03-07T17:01:04","guid":{"rendered":"https:\/\/zerovarroa.com\/?post_type=product&#038;p=1446"},"modified":"2024-03-07T17:19:07","modified_gmt":"2024-03-07T17:19:07","slug":"a-armadilha-do-trojan-anti-velutin","status":"publish","type":"product","link":"https:\/\/zerovarroa.com\/it\/producto\/a-armadilha-do-trojan-anti-velutin\/","title":{"rendered":"A armadilha do Trojan anti-velutin"},"content":{"rendered":"<p>[et_pb_section fb_built=&#8221;1&#8243; _builder_version=&#8221;4.16&#8243; custom_padding=&#8221;0px||||false|false&#8221; global_colors_info=&#8221;{}&#8221;][et_pb_row _builder_version=&#8221;4.16&#8243; background_size=&#8221;initial&#8221; background_position=&#8221;top_left&#8221; background_repeat=&#8221;repeat&#8221; width=&#8221;100%&#8221; custom_padding=&#8221;0px||0px||false|false&#8221; global_colors_info=&#8221;{}&#8221;][et_pb_column type=&#8221;4_4&#8243; _builder_version=&#8221;4.16&#8243; custom_padding=&#8221;|||&#8221; global_colors_info=&#8221;{}&#8221; custom_padding__hover=&#8221;|||&#8221;][et_pb_wc_cart_notice _builder_version=&#8221;4.24.0&#8243; background_color=&#8221;#5e5e5e&#8221; global_colors_info=&#8221;{}&#8221;][\/et_pb_wc_cart_notice][\/et_pb_column][\/et_pb_row][et_pb_row column_structure=&#8221;1_2,1_2&#8243; _builder_version=&#8221;4.16&#8243; background_size=&#8221;initial&#8221; background_position=&#8221;top_left&#8221; background_repeat=&#8221;repeat&#8221; width=&#8221;100%&#8221; custom_padding=&#8221;0px||||false|false&#8221; global_colors_info=&#8221;{}&#8221;][et_pb_column type=&#8221;1_2&#8243; _builder_version=&#8221;4.16&#8243; custom_padding=&#8221;|||&#8221; global_colors_info=&#8221;{}&#8221; custom_padding__hover=&#8221;|||&#8221;][et_pb_wc_images _builder_version=&#8221;4.16&#8243; global_colors_info=&#8221;{}&#8221;][\/et_pb_wc_images][\/et_pb_column][et_pb_column type=&#8221;1_2&#8243; _builder_version=&#8221;4.16&#8243; custom_padding=&#8221;|||30px|false|false&#8221; global_colors_info=&#8221;{}&#8221; custom_padding__hover=&#8221;|||&#8221;][et_pb_wc_title _builder_version=&#8221;4.24.2&#8243; hover_enabled=&#8221;0&#8243; global_colors_info=&#8221;{}&#8221; sticky_enabled=&#8221;0&#8243;][\/et_pb_wc_title][et_pb_wc_price product=&#8221;1410&#8243; _builder_version=&#8221;4.24.2&#8243; _module_preset=&#8221;default&#8221; body_text_color=&#8221;#d97804&#8243; hover_enabled=&#8221;0&#8243; global_colors_info=&#8221;{}&#8221; sticky_enabled=&#8221;0&#8243;][\/et_pb_wc_price][et_pb_text _builder_version=&#8221;4.24.2&#8243; _module_preset=&#8221;default&#8221; hover_enabled=&#8221;0&#8243; global_colors_info=&#8221;{}&#8221; sticky_enabled=&#8221;0&#8243;]<\/p>\n<p>PRE\u00c7OS SEM IVA. CUSTOS DE ENVIO N\u00c3O INCLU\u00cdDOS.<\/p>\n<p>[\/et_pb_text][et_pb_accordion _builder_version=&#8221;4.24.2&#8243; _module_preset=&#8221;default&#8221; hover_enabled=&#8221;0&#8243; global_colors_info=&#8221;{}&#8221; sticky_enabled=&#8221;0&#8243;][et_pb_accordion_item title=&#8221;Descrizione&#8221; open=&#8221;on&#8221; _builder_version=&#8221;4.24.2&#8243; _module_preset=&#8221;default&#8221; hover_enabled=&#8221;0&#8243; global_colors_info=&#8221;{}&#8221; sticky_enabled=&#8221;0&#8243;]<\/p>\n<p>Elimina eficazmente os ninhos. As vespas carregam o inseticida para o ninho sem morrer no processo, causando sua extin\u00e7\u00e3o gradual.<\/p>\n<p>[\/et_pb_accordion_item][et_pb_accordion_item title=&#8221;Caratteristiche&#8221; _builder_version=&#8221;4.24.2&#8243; _module_preset=&#8221;default&#8221; hover_enabled=&#8221;0&#8243; global_colors_info=&#8221;{}&#8221; open=&#8221;off&#8221; sticky_enabled=&#8221;0&#8243;]<\/p>\n<ul>\n<li>Elimine ninhos de vespas aveludadas.<br \/>\nCrie cavalos de Tr\u00f3ia sem esfor\u00e7o.<\/li>\n<\/ul>\n<p>[\/et_pb_accordion_item][\/et_pb_accordion][et_pb_wc_description product=&#8221;1410&#8243; description_type=&#8221;description&#8221; _builder_version=&#8221;4.24.2&#8243; hover_enabled=&#8221;0&#8243; global_colors_info=&#8221;{}&#8221; sticky_enabled=&#8221;0&#8243;][\/et_pb_wc_description][et_pb_wc_add_to_cart _builder_version=&#8221;4.24.2&#8243; hover_enabled=&#8221;0&#8243; global_colors_info=&#8221;{}&#8221; sticky_enabled=&#8221;0&#8243;][\/et_pb_wc_add_to_cart][\/et_pb_column][\/et_pb_row][\/et_pb_section]<\/p>\n","protected":false},"excerpt":{"rendered":"<p>Elimina eficazmente os ninhos. As vespas carregam o inseticida para o ninho sem morrer no processo, causando sua extin\u00e7\u00e3o gradual.<\/p>\n<p>Controle simples de vespas asi\u00e1ticas Nossa armadilha usa um atrativo que atrai apenas vespas, permitindo que elas carreguem automaticamente uma pequena dose de inseticida para o ninho quando saem, sem a necessidade de interven\u00e7\u00e3o.<\/p>\n","protected":false},"featured_media":1360,"template":"","meta":{"_et_pb_use_builder":"on","_et_pb_old_content":"<strong>Proteja suas abelhas<\/strong>\r\n\r\nElimine as vespas asi\u00e1ticas do seu ambiente com a armadilha mais eficaz e ecol\u00f3gica. Atrai, captura e mata apenas esta esp\u00e9cie invasora, sem prejudicar as abelhas.\r\n\r\nFRETE\r\n\r\n1 armadilha 14\u20ac\r\n\r\n2-3 Armadilhas \u20ac20\r\n\r\nArmadilhas 4-5-6 \u20ac28\r\n\r\n7 ou mais armadilhas 32\u20ac","_et_gb_content_width":""},"product_brand":[],"product_cat":[16],"product_tag":[],"class_list":{"0":"post-1446","1":"product","2":"type-product","3":"status-publish","4":"has-post-thumbnail","6":"product_cat-sin-categorizar","8":"first","9":"instock","10":"taxable","11":"shipping-taxable","12":"purchasable","13":"product-type-simple"},"yoast_head":"<!-- This site is optimized with the Yoast SEO plugin v26.1.1 - https:\/\/yoast.com\/wordpress\/plugins\/seo\/ -->\n<title>A armadilha do Trojan anti-velutin - ZeroVarroa<\/title>\n<meta name=\"description\" content=\"Livre-se das vespas A armadilha ZeroVelutina \u00e9 segura, ecol\u00f3gica e seletiva. N\u00e3o prejudica as abelhas ou outros insetos ben\u00e9ficos, pois o atrator s\u00f3 funciona em vespas.\" \/>\n<meta name=\"robots\" content=\"index, follow, max-snippet:-1, max-image-preview:large, max-video-preview:-1\" \/>\n<link rel=\"canonical\" href=\"https:\/\/zerovarroa.com\/it\/producto\/a-armadilha-do-trojan-anti-velutin\/\" \/>\n<meta property=\"og:locale\" content=\"it_IT\" \/>\n<meta property=\"og:type\" content=\"article\" \/>\n<meta property=\"og:title\" content=\"A armadilha do Trojan anti-velutin - ZeroVarroa\" \/>\n<meta property=\"og:description\" content=\"Livre-se das vespas A armadilha ZeroVelutina \u00e9 segura, ecol\u00f3gica e seletiva. N\u00e3o prejudica as abelhas ou outros insetos ben\u00e9ficos, pois o atrator s\u00f3 funciona em vespas.\" \/>\n<meta property=\"og:url\" content=\"https:\/\/zerovarroa.com\/it\/producto\/a-armadilha-do-trojan-anti-velutin\/\" \/>\n<meta property=\"og:site_name\" content=\"ZeroVarroa\" \/>\n<meta property=\"article:modified_time\" content=\"2024-03-07T17:19:07+00:00\" \/>\n<meta property=\"og:image\" content=\"https:\/\/zerovarroa.com\/wp-content\/uploads\/2023\/10\/trampa-troyano-zero-velutina.png\" \/>\n\t<meta property=\"og:image:width\" content=\"800\" \/>\n\t<meta property=\"og:image:height\" content=\"591\" \/>\n\t<meta property=\"og:image:type\" content=\"image\/png\" \/>\n<meta name=\"twitter:card\" content=\"summary_large_image\" \/>\n<meta name=\"twitter:label1\" content=\"Tempo di lettura stimato\" \/>\n\t<meta name=\"twitter:data1\" content=\"1 minuto\" \/>\n<script type=\"application\/ld+json\" class=\"yoast-schema-graph\">{\"@context\":\"https:\/\/schema.org\",\"@graph\":[{\"@type\":\"WebPage\",\"@id\":\"https:\/\/zerovarroa.com\/it\/producto\/a-armadilha-do-trojan-anti-velutin\/\",\"url\":\"https:\/\/zerovarroa.com\/it\/producto\/a-armadilha-do-trojan-anti-velutin\/\",\"name\":\"A armadilha do Trojan anti-velutin - ZeroVarroa\",\"isPartOf\":{\"@id\":\"https:\/\/zerovarroa.com\/it\/#website\"},\"primaryImageOfPage\":{\"@id\":\"https:\/\/zerovarroa.com\/it\/producto\/a-armadilha-do-trojan-anti-velutin\/#primaryimage\"},\"image\":{\"@id\":\"https:\/\/zerovarroa.com\/it\/producto\/a-armadilha-do-trojan-anti-velutin\/#primaryimage\"},\"thumbnailUrl\":\"https:\/\/zerovarroa.com\/wp-content\/uploads\/2023\/10\/trampa-troyano-zero-velutina.png\",\"datePublished\":\"2024-03-07T17:01:04+00:00\",\"dateModified\":\"2024-03-07T17:19:07+00:00\",\"description\":\"Livre-se das vespas A armadilha ZeroVelutina \u00e9 segura, ecol\u00f3gica e seletiva. N\u00e3o prejudica as abelhas ou outros insetos ben\u00e9ficos, pois o atrator s\u00f3 funciona em vespas.\",\"breadcrumb\":{\"@id\":\"https:\/\/zerovarroa.com\/it\/producto\/a-armadilha-do-trojan-anti-velutin\/#breadcrumb\"},\"inLanguage\":\"it-IT\",\"potentialAction\":[{\"@type\":\"ReadAction\",\"target\":[\"https:\/\/zerovarroa.com\/it\/producto\/a-armadilha-do-trojan-anti-velutin\/\"]}]},{\"@type\":\"ImageObject\",\"inLanguage\":\"it-IT\",\"@id\":\"https:\/\/zerovarroa.com\/it\/producto\/a-armadilha-do-trojan-anti-velutin\/#primaryimage\",\"url\":\"https:\/\/zerovarroa.com\/wp-content\/uploads\/2023\/10\/trampa-troyano-zero-velutina.png\",\"contentUrl\":\"https:\/\/zerovarroa.com\/wp-content\/uploads\/2023\/10\/trampa-troyano-zero-velutina.png\",\"width\":800,\"height\":591,\"caption\":\"trampa troyano zero velutina\"},{\"@type\":\"BreadcrumbList\",\"@id\":\"https:\/\/zerovarroa.com\/it\/producto\/a-armadilha-do-trojan-anti-velutin\/#breadcrumb\",\"itemListElement\":[{\"@type\":\"ListItem\",\"position\":1,\"name\":\"Portada\",\"item\":\"https:\/\/zerovarroa.com\/it\/home\/\"},{\"@type\":\"ListItem\",\"position\":2,\"name\":\"Shop\",\"item\":\"https:\/\/zerovarroa.com\/it\/shop\/\"},{\"@type\":\"ListItem\",\"position\":3,\"name\":\"A armadilha do Trojan anti-velutin\"}]},{\"@type\":\"WebSite\",\"@id\":\"https:\/\/zerovarroa.com\/it\/#website\",\"url\":\"https:\/\/zerovarroa.com\/it\/\",\"name\":\"ZeroVarroa\",\"description\":\"\",\"potentialAction\":[{\"@type\":\"SearchAction\",\"target\":{\"@type\":\"EntryPoint\",\"urlTemplate\":\"https:\/\/zerovarroa.com\/it\/?s={search_term_string}\"},\"query-input\":{\"@type\":\"PropertyValueSpecification\",\"valueRequired\":true,\"valueName\":\"search_term_string\"}}],\"inLanguage\":\"it-IT\"}]}<\/script>\n<!-- \/ Yoast SEO plugin. -->","yoast_head_json":{"title":"A armadilha do Trojan anti-velutin - ZeroVarroa","description":"Livre-se das vespas A armadilha ZeroVelutina \u00e9 segura, ecol\u00f3gica e seletiva. N\u00e3o prejudica as abelhas ou outros insetos ben\u00e9ficos, pois o atrator s\u00f3 funciona em vespas.","robots":{"index":"index","follow":"follow","max-snippet":"max-snippet:-1","max-image-preview":"max-image-preview:large","max-video-preview":"max-video-preview:-1"},"canonical":"https:\/\/zerovarroa.com\/it\/producto\/a-armadilha-do-trojan-anti-velutin\/","og_locale":"it_IT","og_type":"article","og_title":"A armadilha do Trojan anti-velutin - ZeroVarroa","og_description":"Livre-se das vespas A armadilha ZeroVelutina \u00e9 segura, ecol\u00f3gica e seletiva. N\u00e3o prejudica as abelhas ou outros insetos ben\u00e9ficos, pois o atrator s\u00f3 funciona em vespas.","og_url":"https:\/\/zerovarroa.com\/it\/producto\/a-armadilha-do-trojan-anti-velutin\/","og_site_name":"ZeroVarroa","article_modified_time":"2024-03-07T17:19:07+00:00","og_image":[{"width":800,"height":591,"url":"https:\/\/zerovarroa.com\/wp-content\/uploads\/2023\/10\/trampa-troyano-zero-velutina.png","type":"image\/png"}],"twitter_card":"summary_large_image","twitter_misc":{"Tempo di lettura stimato":"1 minuto"},"schema":{"@context":"https:\/\/schema.org","@graph":[{"@type":"WebPage","@id":"https:\/\/zerovarroa.com\/it\/producto\/a-armadilha-do-trojan-anti-velutin\/","url":"https:\/\/zerovarroa.com\/it\/producto\/a-armadilha-do-trojan-anti-velutin\/","name":"A armadilha do Trojan anti-velutin - ZeroVarroa","isPartOf":{"@id":"https:\/\/zerovarroa.com\/it\/#website"},"primaryImageOfPage":{"@id":"https:\/\/zerovarroa.com\/it\/producto\/a-armadilha-do-trojan-anti-velutin\/#primaryimage"},"image":{"@id":"https:\/\/zerovarroa.com\/it\/producto\/a-armadilha-do-trojan-anti-velutin\/#primaryimage"},"thumbnailUrl":"https:\/\/zerovarroa.com\/wp-content\/uploads\/2023\/10\/trampa-troyano-zero-velutina.png","datePublished":"2024-03-07T17:01:04+00:00","dateModified":"2024-03-07T17:19:07+00:00","description":"Livre-se das vespas A armadilha ZeroVelutina \u00e9 segura, ecol\u00f3gica e seletiva. N\u00e3o prejudica as abelhas ou outros insetos ben\u00e9ficos, pois o atrator s\u00f3 funciona em vespas.","breadcrumb":{"@id":"https:\/\/zerovarroa.com\/it\/producto\/a-armadilha-do-trojan-anti-velutin\/#breadcrumb"},"inLanguage":"it-IT","potentialAction":[{"@type":"ReadAction","target":["https:\/\/zerovarroa.com\/it\/producto\/a-armadilha-do-trojan-anti-velutin\/"]}]},{"@type":"ImageObject","inLanguage":"it-IT","@id":"https:\/\/zerovarroa.com\/it\/producto\/a-armadilha-do-trojan-anti-velutin\/#primaryimage","url":"https:\/\/zerovarroa.com\/wp-content\/uploads\/2023\/10\/trampa-troyano-zero-velutina.png","contentUrl":"https:\/\/zerovarroa.com\/wp-content\/uploads\/2023\/10\/trampa-troyano-zero-velutina.png","width":800,"height":591,"caption":"trampa troyano zero velutina"},{"@type":"BreadcrumbList","@id":"https:\/\/zerovarroa.com\/it\/producto\/a-armadilha-do-trojan-anti-velutin\/#breadcrumb","itemListElement":[{"@type":"ListItem","position":1,"name":"Portada","item":"https:\/\/zerovarroa.com\/it\/home\/"},{"@type":"ListItem","position":2,"name":"Shop","item":"https:\/\/zerovarroa.com\/it\/shop\/"},{"@type":"ListItem","position":3,"name":"A armadilha do Trojan anti-velutin"}]},{"@type":"WebSite","@id":"https:\/\/zerovarroa.com\/it\/#website","url":"https:\/\/zerovarroa.com\/it\/","name":"ZeroVarroa","description":"","potentialAction":[{"@type":"SearchAction","target":{"@type":"EntryPoint","urlTemplate":"https:\/\/zerovarroa.com\/it\/?s={search_term_string}"},"query-input":{"@type":"PropertyValueSpecification","valueRequired":true,"valueName":"search_term_string"}}],"inLanguage":"it-IT"}]}},"tiered_pricing_type":"fixed","tiered_pricing_fixed_rules":{"5":28.1,"11":27.27},"tiered_pricing_product_settings":{"layout":"default","base_unit_name":{"singular":null,"plural":null},"default_variation":null},"tiered_pricing_minimum_quantity":null,"tiered_pricing_roles_data":[],"tiered_pricing_percentage_rules":[],"_links":{"self":[{"href":"https:\/\/zerovarroa.com\/it\/wp-json\/wp\/v2\/product\/1446","targetHints":{"allow":["GET"]}}],"collection":[{"href":"https:\/\/zerovarroa.com\/it\/wp-json\/wp\/v2\/product"}],"about":[{"href":"https:\/\/zerovarroa.com\/it\/wp-json\/wp\/v2\/types\/product"}],"wp:featuredmedia":[{"embeddable":true,"href":"https:\/\/zerovarroa.com\/it\/wp-json\/wp\/v2\/media\/1360"}],"wp:attachment":[{"href":"https:\/\/zerovarroa.com\/it\/wp-json\/wp\/v2\/media?parent=1446"}],"wp:term":[{"taxonomy":"product_brand","embeddable":true,"href":"https:\/\/zerovarroa.com\/it\/wp-json\/wp\/v2\/product_brand?post=1446"},{"taxonomy":"product_cat","embeddable":true,"href":"https:\/\/zerovarroa.com\/it\/wp-json\/wp\/v2\/product_cat?post=1446"},{"taxonomy":"product_tag","embeddable":true,"href":"https:\/\/zerovarroa.com\/it\/wp-json\/wp\/v2\/product_tag?post=1446"}],"curies":[{"name":"wp","href":"https:\/\/api.w.org\/{rel}","templated":true}]}}